{"id":100,"date":"2016-05-24T11:33:13","date_gmt":"2016-05-24T11:33:13","guid":{"rendered":"http:\/\/www.fizyka.umk.pl\/~erihs\/?page_id=100"},"modified":"2026-01-22T15:07:40","modified_gmt":"2026-01-22T15:07:40","slug":"mikrofedometria-microfade-testing-mft","status":"publish","type":"page","link":"https:\/\/www.e-rihs.pl\/index.php\/mikrofedometria-microfade-testing-mft\/","title":{"rendered":"Mikrofedometria (Microfade testing &#8211; MFT)"},"content":{"rendered":"<h1 style=\"text-align: justify;\"><strong>Dysponent<\/strong>: AGH<\/h1>\n<p style=\"text-align: justify;\"><strong>Kontakt:<\/strong>\u00a0<a href=\"mailto:lojewski@agh.edu.pl\">dr hab. Tomasz \u0141ojewski\u00a0<img decoding=\"async\" loading=\"lazy\" src=\"https:\/\/fizyka.umk.pl\/~erihs\/wp-content\/uploads\/2016\/05\/koperta.gif\" alt=\"koperta\" width=\"14\" height=\"16\" \/><\/a> (AGH)<\/p>\n<h2 style=\"text-align: justify;\">Opis metody<\/h2>\n<p style=\"text-align: justify;\">Technika mikrofedometrii (mikroblakno\u015bciowa) polega na o\u015bwietleniu submilimetrowego obszaru (~0.5 mm) i sklasyfikowaniu jego \u015bwiat\u0142oczu\u0142o\u015bci. W wyniku starzenia \u015bwiat\u0142em w stosunkowo kr\u00f3tkim czasie (do kilkunastu minut) monitorowana jest zmiana barwy materia\u0142u, a w wyniku eksperymentu dostajemy informacj\u0119 o <em>stabilno\u015bci <\/em>materia\u0142u. Badania szybko\u015bci reakcji materia\u0142\u00f3w muzealnych opieraj\u0105 si\u0119 na skali standardu blakni\u0119cia Blue Wool, kt\u00f3ra sk\u0142ada si\u0119 z serii \u015bwiat\u0142oczu\u0142ych barwnik\u00f3w zastosowanych na we\u0142nianym pod\u0142o\u017cu, o r\u00f3\u017cnym stopniu stabilno\u015bci po wystawieniu na dzia\u0142anie \u015bwiat\u0142a (Blue Wool 1 oznacza materia\u0142y silnie \u015bwiat\u0142oczu\u0142e, a Blue Wool 8 jest najbardziej stabilnym materia\u0142em). Dzi\u0119ki informacji o stabilno\u015bci poszczeg\u00f3lnych sk\u0142adnik\u00f3w obiektu zabytkowego mo\u017cna precyzyjne okre\u015bli\u0107 poziom nat\u0119\u017cenia o\u015bwietlenia i czas ekspozycji.<\/p>\n<h2 style=\"text-align: justify;\">Zastosowanie<\/h2>\n<p style=\"text-align: justify;\">W dziedzinie badania obiekt\u00f3w zabytkowych metoda znajduje zastosowanie przede wszystkim do:<\/p>\n<ul style=\"text-align: justify;\">\n<li>Okre\u015blenia fotostabilno\u015bci poszczeg\u00f3lnych sk\u0142adnik\u00f3w obiektu zabytkowego<\/li>\n<li>Ustalenia wytycznych dla o\u015bwietlenia w muzeach<\/li>\n<\/ul>\n<h2 style=\"text-align: justify;\">Instrument<\/h2>\n<p style=\"text-align: justify;\">W badaniach wykorzystywany jest instrument 80190 Oriel Fading Test System produkcji Newport-Oriel Corporation w USA wraz z oprogramowaniem fabrycznym o nast\u0119puj\u0105cych podstawowych danych technicznych:<\/p>\n<ul style=\"text-align: justify;\">\n<li>\u017ar\u00f3d\u0142o promieniowania: lampa ksenonowa Series Q 66508 o mocy 75 W.<\/li>\n<li>szacowana moc na o\u015bwietlanej powierzchni: 1,0-8,0 Megaluks\u00f3w (Mlx)<\/li>\n<li>zakres spektralny: 400-700 nm<\/li>\n<li>detektor: fotodiodowa macierz 512 pikseli, szczelina 100 \u00b5m<\/li>\n<li>\u015brednica plamki pomiarowej: ~0.5 mm<\/li>\n<li>wzorzec: D65<\/li>\n<li>standardowy obserwator kolorymetryczny o\u00a0polu obserwacji odpowiadaj\u0105cym k\u0105towi: 2\u00b0<\/li>\n<\/ul>\n<h2 style=\"text-align: justify;\">Warunki badania<\/h2>\n<p style=\"text-align: justify;\">Obiekty badane s\u0105 w po\u0142o\u017ceniu poziomym (Fig. 1). W celu uzyskania detekcji maksymalnego sygna\u0142u, regulowana jest odleg\u0142o\u015b\u0107 od g\u0142owicy pomiarowej do obiektu (oko\u0142o 1.0 cm). Pomiar wymaga stabilnego pod\u0142o\u017ca (w celu wyeliminowania wstrz\u0105s\u00f3w). Promieniowanie s\u0142u\u017c\u0105ce do wzbudzenia badanego obszaru jest kierowane przez uk\u0142ad soczewek oraz \u015bwiat\u0142ow\u00f3d. Do pomiaru nat\u0119\u017cenia \u015bwiat\u0142a padaj\u0105cego na pr\u00f3bk\u0119 dodatkowo wykorzystuje si\u0119 radiometr lub fotometr. Kalibracj\u0119 detektora przeprowadza si\u0119 przy pomocy <em>wzorca<\/em>\u00a0<em>bia\u0142ego 99% odbicia.<\/em> Czas testu dla danego obszaru zale\u017cy od dawki, kt\u00f3r\u0105 chcemy uzyska\u0107 i mo\u017ce si\u0119 r\u00f3\u017cni\u0107 w zale\u017cno\u015bci od materia\u0142u.<\/p>\n<div id=\"attachment_102\" style=\"width: 947px\" class=\"wp-caption aligncenter\"><img aria-describedby=\"caption-attachment-102\" decoding=\"async\" loading=\"lazy\" class=\"wp-image-102 size-full\" src=\"https:\/\/fizyka.umk.pl\/~erihs\/nowaStrona\/wp-content\/uploads\/2016\/05\/Mikrofedometria1.png\" alt=\"Mikrofedometria1\" width=\"937\" height=\"275\" srcset=\"https:\/\/www.e-rihs.pl\/wp-content\/uploads\/2016\/05\/Mikrofedometria1.png 937w, https:\/\/www.e-rihs.pl\/wp-content\/uploads\/2016\/05\/Mikrofedometria1-300x88.png 300w, https:\/\/www.e-rihs.pl\/wp-content\/uploads\/2016\/05\/Mikrofedometria1-768x225.png 768w\" sizes=\"(max-width: 937px) 100vw, 937px\" \/><p id=\"caption-attachment-102\" class=\"wp-caption-text\">Rys. 1. Spos\u00f3b pomiaru mikrofedometrycznego, a) g\u0142owica pomiarowa urz\u0105dzenia, b) geometria o\u015bwietlenia obszaru (0\/45), c) punkt pomiarowy na przyk\u0142adowym obiekcie.<\/p><\/div>\n<h2 style=\"text-align: justify;\">Format wynik\u00f3w<\/h2>\n<p style=\"text-align: justify;\">Wyniki dostarczane s\u0105 w postaci widm spektralnych, kt\u00f3re mo\u017cna przekonwertowa\u0107 na zmian\u0119 barwy. Mo\u017cliwe jest uzyskanie widm odbiciowych na ka\u017cdym etapie testu. Zmiana barwy wyliczona jest w\u00a0przestrzeni CIELAB 1976 oraz CIE DE 2000 (CIE 2004). Na podstawie uzyskanych wynik\u00f3w mo\u017cna okre\u015bli\u0107 stopie\u0144 wra\u017cliwo\u015bci barw na dzia\u0142anie \u015bwiat\u0142a, co wynika z otrzymanej dla nich warto\u015bci Delta E.<\/p>\n<div id=\"attachment_101\" style=\"width: 462px\" class=\"wp-caption aligncenter\"><img aria-describedby=\"caption-attachment-101\" decoding=\"async\" loading=\"lazy\" class=\"wp-image-101 size-full\" src=\"https:\/\/fizyka.umk.pl\/~erihs\/nowaStrona\/wp-content\/uploads\/2016\/05\/Mikrofedometria2.png\" alt=\"Mikrofedometria2\" width=\"452\" height=\"259\" srcset=\"https:\/\/www.e-rihs.pl\/wp-content\/uploads\/2016\/05\/Mikrofedometria2.png 452w, https:\/\/www.e-rihs.pl\/wp-content\/uploads\/2016\/05\/Mikrofedometria2-300x172.png 300w\" sizes=\"(max-width: 452px) 100vw, 452px\" \/><p id=\"caption-attachment-101\" class=\"wp-caption-text\">Rys. 2. Przyk\u0142adowe wyniki test\u00f3w mikrofedometrycznych dla standard\u00f3w BW1, BW2 oraz BW3 przy dawce 4.0 Mlx.<\/p><\/div>\n<h2 style=\"text-align: justify;\">Bibliografia<\/h2>\n<ol>\n<li style=\"text-align: justify;\">CIE 157:2004, <em>Control of damage to museum objects by optical radiation<\/em>, Commission Internationale de L\u2019\u00e9clairage, Austria, 2004.<\/li>\n<\/ol>\n","protected":false},"excerpt":{"rendered":"<p>Dysponent: AGH Kontakt:\u00a0dr hab. Tomasz \u0141ojewski\u00a0 (AGH) Opis metody Technika mikrofedometrii (mikroblakno\u015bciowa) polega na o\u015bwietleniu submilimetrowego obszaru (~0.5 mm) i sklasyfikowaniu jego \u015bwiat\u0142oczu\u0142o\u015bci. W wyniku starzenia \u015bwiat\u0142em w stosunkowo kr\u00f3tkim czasie (do kilkunastu minut) monitorowana jest zmiana barwy materia\u0142u, a &hellip; <a href=\"https:\/\/www.e-rihs.pl\/index.php\/mikrofedometria-microfade-testing-mft\/\">Czytaj dalej <span class=\"meta-nav\">&rarr;<\/span><\/a><\/p>\n","protected":false},"author":1,"featured_media":0,"parent":0,"menu_order":0,"comment_status":"closed","ping_status":"closed","template":"","meta":[],"_links":{"self":[{"href":"https:\/\/www.e-rihs.pl\/index.php\/wp-json\/wp\/v2\/pages\/100"}],"collection":[{"href":"https:\/\/www.e-rihs.pl\/index.php\/wp-json\/wp\/v2\/pages"}],"about":[{"href":"https:\/\/www.e-rihs.pl\/index.php\/wp-json\/wp\/v2\/types\/page"}],"author":[{"embeddable":true,"href":"https:\/\/www.e-rihs.pl\/index.php\/wp-json\/wp\/v2\/users\/1"}],"replies":[{"embeddable":true,"href":"https:\/\/www.e-rihs.pl\/index.php\/wp-json\/wp\/v2\/comments?post=100"}],"version-history":[{"count":1,"href":"https:\/\/www.e-rihs.pl\/index.php\/wp-json\/wp\/v2\/pages\/100\/revisions"}],"predecessor-version":[{"id":3321,"href":"https:\/\/www.e-rihs.pl\/index.php\/wp-json\/wp\/v2\/pages\/100\/revisions\/3321"}],"wp:attachment":[{"href":"https:\/\/www.e-rihs.pl\/index.php\/wp-json\/wp\/v2\/media?parent=100"}],"curies":[{"name":"wp","href":"https:\/\/api.w.org\/{rel}","templated":true}]}}