{"id":11,"date":"2016-05-15T23:29:14","date_gmt":"2016-05-15T23:29:14","guid":{"rendered":"http:\/\/www.fizyka.umk.pl\/~erihs\/?page_id=11"},"modified":"2025-12-18T10:17:14","modified_gmt":"2025-12-18T10:17:14","slug":"e-rihs-eu","status":"publish","type":"page","link":"https:\/\/www.e-rihs.pl\/index.php\/e-rihs-eu\/","title":{"rendered":"E-RIHS ERIC"},"content":{"rendered":"<ul>\n<li><strong>Czym jest E-RIHS ERIC<\/strong>?<\/li>\n<\/ul>\n<p style=\"text-align: justify;\">E-RIHS ERIC (<a href=\"http:\/\/www.e-rihs.eu\/\" target=\"_blank\" rel=\"noopener\">European Research Infrastructure for Heritage Science<\/a>) zosta\u0142a utworzona <a href=\"https:\/\/europa.eu\/!tCfvDv\" target=\"_blank\" rel=\"noopener\">decyzj\u0105 Komisji Europejskiej<\/a> w marcu 2025. Jest europejsk\u0105 infrastruktur\u0105 badawcz\u0105, potencjalnie o zasi\u0119gu \u015bwiatowym, dzia\u0142aj\u0105ca w formule European\u00a0Research Infrastructure Consortium (ERIC). Od 2016 roku projekt znajduje si\u0119 na Europejskiej Mapie Drogowej Infrastruktur Badawczych:<a href=\"http:\/\/www.esfri.eu\/esfri_roadmap2016\" target=\"_blank\" rel=\"noopener\"> ESFRI Roadmap 2016<\/a>.<\/p>\n<p style=\"text-align: justify;\">E-RIHS ERIC grupuje instytucje aktywne w obszarze ochrony dziedzictwa, archeologii, paleoantropologii i nauk \u015bcis\u0142ych. Aktualnie w tworzenie infrastruktury zaanga\u017cowanych jest ponad 100 grup badawczych.<\/p>\n<ul>\n<li style=\"text-align: justify;\"><strong>Cel E-RIHS: <\/strong>poszerzenie wiedzy o w\u0142asno\u015bciach i metodach konserwacji materia\u0142\u00f3w tworz\u0105cych obiekty zabytkowe<\/li>\n<\/ul>\n<p style=\"text-align: justify;\">Istot\u0105 infrastruktury jest podej\u015bcie holistyczne do bada\u0144 obiektu: po\u0142\u0105czenie dzia\u0142a\u0144 z zakresu nauk \u015bcis\u0142ych i humanistycznych. Zadaniem infrastruktury jest umo\u017cliwienie, w skali europejskiej, dost\u0119pu do unikalnej aparatury badawczej i wiedzy, stworzenie nowych narz\u0119dzi badawczych nakierowanych badanie obiekt\u00f3w o wielkiej r\u00f3\u017cnorodno\u015bci, w tym na ocen\u0119 proces\u00f3w ich starzenia si\u0119 w d\u0142ugiej skali czasowej, opracowanie metodologii i stworzenie wsp\u00f3lnej infrastruktury informatycznej (dost\u0119pu do danych) \u2013 we wsp\u00f3\u0142pracy z DARIAH.<\/p>\n<ul>\n<li><strong>Media spo\u0142eczno\u015bciowe<\/strong><\/li>\n<li style=\"list-style-type: none;\">\n<ul>\n<li><a href=\"https:\/\/www.linkedin.com\/company\/e-rihs\/\" target=\"_blank\" rel=\"noopener\">LinkedIn<\/a><\/li>\n<li><a href=\"https:\/\/www.youtube.com\/c\/ERIHSEU\" target=\"_blank\" rel=\"noopener\">YouTube<\/a><\/li>\n<li><a href=\"https:\/\/www.facebook.com\/e.ri.heritage.science\" target=\"_blank\" rel=\"noopener\">Facebook<\/a><\/li>\n<li><a href=\"https:\/\/twitter.com\/ErihsEu\" target=\"_blank\" rel=\"noopener\">X\/Twitter<\/a><\/li>\n<\/ul>\n<\/li>\n<\/ul>\n<ul>\n<li><strong>Struktura E-RIHS:<\/strong>\u00a0rozproszona infrastruktura sk\u0142ada si\u0119 z\n<ul>\n<li style=\"text-align: justify;\">Centrali E-RIHS (<a href=\"https:\/\/www.manifatturatabacchi.com\/\" target=\"_blank\" rel=\"noopener\">Manifattura Tabacchi<\/a>, Florencja, W\u0142ochy) oraz centr\u00f3w regionalnych \u2013 <a href=\"https:\/\/www.e-rihs.eu\/national-nodes\/\" target=\"_blank\" rel=\"noopener\">infrastruktur (w\u0119z\u0142\u00f3w) krajowych<\/a>,<\/li>\n<li style=\"text-align: justify;\">Stacjonarnych i mobilnych centr\u00f3w badawczych o uznanej renomie<\/li>\n<li style=\"text-align: justify;\">Procedur fizycznego dost\u0119pu do kolekcji i archiw\u00f3w<\/li>\n<li style=\"text-align: justify;\">Wirtualnie dost\u0119pnych baz danych.<\/li>\n<\/ul>\n<\/li>\n<\/ul>\n<ul>\n<li><strong>Metody dzia\u0142ania<\/strong>\n<ul>\n<li><a href=\"https:\/\/www.e-rihs.eu\/e-rihs-catalogue-of-services\/\" target=\"_blank\" rel=\"noopener\">Dost\u0119p<\/a> do najwy\u017cszej klasy instalacji badawczych, sprawdzonych metodologii, danych i narz\u0119dzi<\/li>\n<li style=\"text-align: justify;\">Szkolenia i wymiana informacji w zakresie stosowania tych narz\u0119dzi i metod &#8211; <a href=\"https:\/\/www.e-rihs.eu\/hs-academy\/\" target=\"_blank\" rel=\"noopener\">HS Academy<\/a><\/li>\n<li>Wsp\u00f3lne badania,<\/li>\n<li>Dzia\u0142ania prowadz\u0105ce do zwi\u0119kszenia spo\u0142ecznego wsparcia dla dzia\u0142a\u0144 w zakresie ochrony dziedzictwa kulturowego<\/li>\n<li>Stworzenie repozytori\u00f3w zawieraj\u0105cych standaryzowane dane w celu ich dalszej analizy i interpretacji.<\/li>\n<\/ul>\n<\/li>\n<\/ul>\n<ul>\n<li><strong>Kraje uczestnicz\u0105ce (kwiecie\u0144 2025)<\/strong>\n<ul>\n<li>Republika Cypryjska<\/li>\n<li>Republika Francuska<\/li>\n<li>Kr\u00f3lestwo Hiszpanii<\/li>\n<li>Republika Malty<\/li>\n<li>Kr\u00f3lestwo Niderland\u00f3w<\/li>\n<li>Rzeczypospolita Polska<\/li>\n<li>Rumunia<\/li>\n<li>Republika S\u0142owenii<\/li>\n<li>W\u0119gry<\/li>\n<li>Zjednoczone Kr\u00f3lestwo Wielkiej Brytanii i Irlandii<\/li>\n<li>Republika W\u0142oska<\/li>\n<li>ICCROM (sta\u0142y obserwator)<\/li>\n<li>potencjalni cz\u0142onkowie:\n<ul>\n<li>Republika Austrii<\/li>\n<li>Kr\u00f3lestwo Belgii<\/li>\n<li>Republika Grecka<\/li>\n<li>Kr\u00f3lestwo Szwecji<\/li>\n<\/ul>\n<\/li>\n<\/ul>\n<\/li>\n<\/ul>\n<ul>\n<li><strong>Kalendarz:<\/strong>\n<ul>\n<li style=\"text-align: justify;\">2016 &#8211; 2019 faza przygotowawcza, realizowana\u00a0w ramach projektu H2020: E-RIHS PP<\/li>\n<li style=\"text-align: justify;\">2020 &#8211; 2024 faza budowy infrastruktury, projekt Horyzont EUROPA: ERIHS IP<\/li>\n<li style=\"text-align: justify;\">2024 &#8211; infrastruktura gotowa do dzia\u0142ania<\/li>\n<li>2025 &#8211; powo\u0142anie ERIC<\/li>\n<\/ul>\n<\/li>\n<\/ul>\n","protected":false},"excerpt":{"rendered":"<p>Czym jest E-RIHS ERIC? E-RIHS ERIC (European Research Infrastructure for Heritage Science) zosta\u0142a utworzona decyzj\u0105 Komisji Europejskiej w marcu 2025. Jest europejsk\u0105 infrastruktur\u0105 badawcz\u0105, potencjalnie o zasi\u0119gu \u015bwiatowym, dzia\u0142aj\u0105ca w formule European\u00a0Research Infrastructure Consortium (ERIC). Od 2016 roku projekt znajduje &hellip; <a href=\"https:\/\/www.e-rihs.pl\/index.php\/e-rihs-eu\/\">Czytaj dalej <span class=\"meta-nav\">&rarr;<\/span><\/a><\/p>\n","protected":false},"author":1,"featured_media":0,"parent":0,"menu_order":0,"comment_status":"closed","ping_status":"closed","template":"","meta":[],"_links":{"self":[{"href":"https:\/\/www.e-rihs.pl\/index.php\/wp-json\/wp\/v2\/pages\/11"}],"collection":[{"href":"https:\/\/www.e-rihs.pl\/index.php\/wp-json\/wp\/v2\/pages"}],"about":[{"href":"https:\/\/www.e-rihs.pl\/index.php\/wp-json\/wp\/v2\/types\/page"}],"author":[{"embeddable":true,"href":"https:\/\/www.e-rihs.pl\/index.php\/wp-json\/wp\/v2\/users\/1"}],"replies":[{"embeddable":true,"href":"https:\/\/www.e-rihs.pl\/index.php\/wp-json\/wp\/v2\/comments?post=11"}],"version-history":[{"count":5,"href":"https:\/\/www.e-rihs.pl\/index.php\/wp-json\/wp\/v2\/pages\/11\/revisions"}],"predecessor-version":[{"id":3303,"href":"https:\/\/www.e-rihs.pl\/index.php\/wp-json\/wp\/v2\/pages\/11\/revisions\/3303"}],"wp:attachment":[{"href":"https:\/\/www.e-rihs.pl\/index.php\/wp-json\/wp\/v2\/media?parent=11"}],"curies":[{"name":"wp","href":"https:\/\/api.w.org\/{rel}","templated":true}]}}