{"id":13,"date":"2016-05-15T23:29:35","date_gmt":"2016-05-15T23:29:35","guid":{"rendered":"http:\/\/www.fizyka.umk.pl\/~erihs\/?page_id=13"},"modified":"2025-10-30T18:56:18","modified_gmt":"2025-10-30T18:56:18","slug":"konferencja-analiza-chemiczna-w-ochronie-zabytkow","status":"publish","type":"page","link":"https:\/\/www.e-rihs.pl\/index.php\/konferencja-analiza-chemiczna-w-ochronie-zabytkow\/","title":{"rendered":"Konferencja \u201eAnaliza Chemiczna w Ochronie Zabytk\u00f3w\u201d"},"content":{"rendered":"\r\n<p>Doroczna konferencja \u201eAnaliza Chemiczna w Ochronie Zabytk\u00f3w\u201d odbywa si\u0119 od 1999 roku. Tematyka obejmuje szeroki zakres zagadnie\u0144 zwi\u0105zanych z wykorzystaniem nowoczesnych metod analitycznych w badaniu r\u00f3\u017cnorodnych obiekt\u00f3w zabytkowych oraz w opracowywaniu skutecznych metod konserwatorskich.<\/p>\r\n<p><a href=\"https:\/\/analizazabytkow.pl\/?page_id=186\" target=\"_blank\" rel=\"noopener\">Archiwum<\/a> wcze\u015bniejszych edycji mo\u017cna znale\u017a\u0107 na stronach konferencji:<\/p>\r\n\r\n\r\n\r\n<p><strong>19. Konferencja odby\u0142a si\u0119\u00a05 i 6 grudnia 2019 roku<\/strong> w Centrum Nauk Biologiczno-Chemicznych Uniwersytetu Warszawskiego: <a href=\"https:\/\/analizazabytkow.pl\/wp-content\/uploads\/2019\/12\/AChwOZ_XIX_2019_archiwum.pdf\" target=\"_blank\" rel=\"noopener\"><strong>Abstrakty<\/strong><\/a><\/p>\r\n\r\n\r\n\r\n<p><strong>20. Konferencja odby\u0142a si\u0119 4 grudnia 2020 roku <\/strong>w trybie zdalnym: <a href=\"https:\/\/analizazabytkow.pl\/wp-content\/uploads\/2020\/12\/AChwOZXX-2020.pdf\" target=\"_blank\" rel=\"noopener\"><strong>Abstrakty<\/strong><\/a><\/p>\r\n\r\n\r\n\r\n<p><strong>21. Konferencja odby\u0142a si\u0119 2-3 grudnia 2021 roku<\/strong> r\u00f3wnie\u017c w trybie zdalnym: <strong><a href=\"https:\/\/analizazabytkow.pl\/wp-content\/uploads\/2021\/11\/AChwOZ_XXI_2021.pdf\" target=\"_blank\" rel=\"noopener\">Abstrakty<\/a><\/strong><\/p>\r\n\r\n\r\n\r\n<p><strong>22. Konferencja odby\u0142a\u00a0si\u0119\u00a01-2 grudnia 2022 roku <\/strong>w Centrum Nauk Biologiczno-Chemicznych Uniwersytetu Warszawskiego: <a href=\"https:\/\/analizazabytkow.pl\/wp-content\/uploads\/2023\/01\/AChwOZ22_A5_kompletM_NN.pdf\" target=\"_blank\" rel=\"noopener\"><strong>Abstrakty<\/strong><\/a><\/p>\r\n\r\n\r\n\r\n<p><strong>23. Konferencja odby\u0142a si\u0119 30 listopada &#8211; 1 grudnia 2023<\/strong> w Centrum Nauk Biologiczno-Chemicznych Uniwersytetu Warszawskiego: <a href=\"https:\/\/analizazabytkow.pl\/wp-content\/uploads\/2024\/01\/AChwOZ23.pdf\" target=\"_blank\" rel=\"noopener\"><strong>Abstrakty<\/strong><\/a>\u00a0<\/p>\r\n\r\n\r\n\r\n<p><strong>24. Konferencja odby\u0142a si\u0119 28-29 listopada 2024<\/strong> w Centrum Nauk Biologiczno-Chemicznych Uniwersytetu Warszawskiego. <a href=\"https:\/\/analizazabytkow.pl\/wp-content\/uploads\/2025\/08\/archeo_2024.pdf\" target=\"_blank\" rel=\"noopener\"><strong>Abstrakty<\/strong><\/a><\/p>\r\n\r\n\r\n\r\n<p><strong>25. Konferencja odb\u0119dzie si\u0119 1-2 grudnia 2025 <\/strong>w Centrum Nauk Biologiczno-Chemicznych Uniwersytetu Warszawskiego.<strong> Aktualne informacje:<\/strong>\u00a0 <a href=\"http:\/\/analizazabytkow.pl\/\" target=\"_blank\" rel=\"noopener\">http:\/\/analizazabytkow.pl\/<\/a><\/p>\r\n<p>&nbsp;<\/p>\r\n","protected":false},"excerpt":{"rendered":"<p>Doroczna konferencja \u201eAnaliza Chemiczna w Ochronie Zabytk\u00f3w\u201d odbywa si\u0119 od 1999 roku. Tematyka obejmuje szeroki zakres zagadnie\u0144 zwi\u0105zanych z wykorzystaniem nowoczesnych metod analitycznych w badaniu r\u00f3\u017cnorodnych obiekt\u00f3w zabytkowych oraz w opracowywaniu skutecznych metod konserwatorskich. Archiwum wcze\u015bniejszych edycji mo\u017cna znale\u017a\u0107 na &hellip; <a href=\"https:\/\/www.e-rihs.pl\/index.php\/konferencja-analiza-chemiczna-w-ochronie-zabytkow\/\">Czytaj dalej <span class=\"meta-nav\">&rarr;<\/span><\/a><\/p>\n","protected":false},"author":1,"featured_media":0,"parent":0,"menu_order":0,"comment_status":"closed","ping_status":"closed","template":"","meta":[],"_links":{"self":[{"href":"https:\/\/www.e-rihs.pl\/index.php\/wp-json\/wp\/v2\/pages\/13"}],"collection":[{"href":"https:\/\/www.e-rihs.pl\/index.php\/wp-json\/wp\/v2\/pages"}],"about":[{"href":"https:\/\/www.e-rihs.pl\/index.php\/wp-json\/wp\/v2\/types\/page"}],"author":[{"embeddable":true,"href":"https:\/\/www.e-rihs.pl\/index.php\/wp-json\/wp\/v2\/users\/1"}],"replies":[{"embeddable":true,"href":"https:\/\/www.e-rihs.pl\/index.php\/wp-json\/wp\/v2\/comments?post=13"}],"version-history":[{"count":6,"href":"https:\/\/www.e-rihs.pl\/index.php\/wp-json\/wp\/v2\/pages\/13\/revisions"}],"predecessor-version":[{"id":3169,"href":"https:\/\/www.e-rihs.pl\/index.php\/wp-json\/wp\/v2\/pages\/13\/revisions\/3169"}],"wp:attachment":[{"href":"https:\/\/www.e-rihs.pl\/index.php\/wp-json\/wp\/v2\/media?parent=13"}],"curies":[{"name":"wp","href":"https:\/\/api.w.org\/{rel}","templated":true}]}}