{"id":17,"date":"2016-05-15T23:30:17","date_gmt":"2016-05-15T23:30:17","guid":{"rendered":"http:\/\/www.fizyka.umk.pl\/~erihs\/?page_id=17"},"modified":"2016-05-15T23:30:17","modified_gmt":"2016-05-15T23:30:17","slug":"kontakt","status":"publish","type":"page","link":"https:\/\/www.e-rihs.pl\/index.php\/kontakt\/","title":{"rendered":"Kontakt"},"content":{"rendered":"<p><strong>Biuro Konsorcjum:<\/strong><\/p>\n<p>Instytut Fizyki UMK, ul. Grudzi\u0105dzka 5, 87-100 Toru\u0144<\/p>\n<ul>\n<ul>\n<li>prof. dr hab. Piotr Targowski,\u00a0tel: 56 611 3206, e-mail:\u00a0<a href=\"mailto:ptarg@umk.pl\">ptarg@umk.pl<\/a><\/li>\n<li>dr in\u017c. Magdalena Kowalska: tel: 56 611 2415, e-mail:\u00a0<a href=\"mailto:mkow@umk.pl\">mkow@umk.pl<\/a><\/li>\n<\/ul>\n<\/ul>\n<p><!--\n \t\n\n<li>dr in\u017c. Magdalena Kowalska, tel: 56 611 2415, e-mail: <a href=\"mailto: mkow@umk.pl\">mkow@umk.pl<\/a><\/li>\n\n\n--><\/p>\n<p><strong>\u00a0Lista adresowa (Newsletter):<\/strong><\/p>\n<p style=\"padding-left: 30px;\">Nie cz\u0119\u015bciej ni\u017c kilka razy w\u00a0miesi\u0105cu wysy\u0142amy powiadomienia o najwa\u017cniejszych dzia\u0142aniach\u00a0konsorcjum,\u00a0w szczeg\u00f3lno\u015bci o\u00a0\u00a0otwarciu naboru wniosk\u00f3w MOLAB\/FIXLAB.PL. Aby zapisa\u0107 si\u0119, prosz\u0119 wys\u0142a\u0107 wiadomo\u015bc e-mail na adres:\u00a0<a href=\"mailto:ptarg@umk.pl\">ptarg@umk.pl<\/a>\u00a0z adresu na kt\u00f3ry maj\u0105 by\u0107 wysy\u0142ane wiadomo\u015bci. Administratorem listy jest UMK, przechowywany jest wy\u0142\u0105cznie adres internetowy (bez imienia i nazwiska oraz innych danych). Adres zostanie niezw\u0142ocznie usuni\u0119ty na \u017c\u0105danie wys\u0142ane na adres:\u00a0<a href=\"mailto:ptarg@umk.pl\">ptarg@umk.pl<\/a>.<\/p>\n<p>&nbsp;<\/p>\n","protected":false},"excerpt":{"rendered":"<p>Biuro Konsorcjum: Instytut Fizyki UMK, ul. Grudzi\u0105dzka 5, 87-100 Toru\u0144 prof. dr hab. Piotr Targowski,\u00a0tel: 56 611 3206, e-mail:\u00a0ptarg@umk.pl dr in\u017c. Magdalena Kowalska: tel: 56 611 2415, e-mail:\u00a0mkow@umk.pl \u00a0Lista adresowa (Newsletter): Nie cz\u0119\u015bciej ni\u017c kilka razy w\u00a0miesi\u0105cu wysy\u0142amy powiadomienia o &hellip; <a href=\"https:\/\/www.e-rihs.pl\/index.php\/kontakt\/\">Czytaj dalej <span class=\"meta-nav\">&rarr;<\/span><\/a><\/p>\n","protected":false},"author":1,"featured_media":0,"parent":0,"menu_order":0,"comment_status":"closed","ping_status":"closed","template":"","meta":[],"_links":{"self":[{"href":"https:\/\/www.e-rihs.pl\/index.php\/wp-json\/wp\/v2\/pages\/17"}],"collection":[{"href":"https:\/\/www.e-rihs.pl\/index.php\/wp-json\/wp\/v2\/pages"}],"about":[{"href":"https:\/\/www.e-rihs.pl\/index.php\/wp-json\/wp\/v2\/types\/page"}],"author":[{"embeddable":true,"href":"https:\/\/www.e-rihs.pl\/index.php\/wp-json\/wp\/v2\/users\/1"}],"replies":[{"embeddable":true,"href":"https:\/\/www.e-rihs.pl\/index.php\/wp-json\/wp\/v2\/comments?post=17"}],"version-history":[{"count":0,"href":"https:\/\/www.e-rihs.pl\/index.php\/wp-json\/wp\/v2\/pages\/17\/revisions"}],"wp:attachment":[{"href":"https:\/\/www.e-rihs.pl\/index.php\/wp-json\/wp\/v2\/media?parent=17"}],"curies":[{"name":"wp","href":"https:\/\/api.w.org\/{rel}","templated":true}]}}