{"id":19,"date":"2016-05-15T23:30:37","date_gmt":"2016-05-15T23:30:37","guid":{"rendered":"http:\/\/www.fizyka.umk.pl\/~erihs\/?page_id=19"},"modified":"2016-05-15T23:30:37","modified_gmt":"2016-05-15T23:30:37","slug":"english-info","status":"publish","type":"page","link":"https:\/\/www.e-rihs.pl\/index.php\/english-info\/","title":{"rendered":"English Info"},"content":{"rendered":"<table border=\"0\" width=\"100%\" rules=\"all\" cellspacing=\"0\" cellpadding=\"0\">\n<tbody>\n<tr>\n<td><a href=\"#partners\">Our partners<\/a><\/td>\n<td><a href=\"#offer\">Our offer<\/a><\/td>\n<td><a href=\"#contact\">Contact<\/a><\/td>\n<\/tr>\n<\/tbody>\n<\/table>\n<p style=\"text-align: justify;\">E-RIHS.pl formed in December 2015 is a Polish node of European Research\u00a0Infrastructure for Heritage Science\u00a0 <a href=\"http:\/\/www.e-rihs.eu\/\" target=\"_blank\" rel=\"noopener\">E-RIHS<\/a>.\u00a0The\u00a0goal of E-RIHS.pl is to\u00a0study historic objects through physicochemical methods. It brings together 22 laboratories from 14 research institutions from Toru\u0144, Krak\u00f3w, Warsaw, Wroc\u0142aw, Pozna\u0144, and Gda\u0144sk with unique research infrastructure and expertise. Through an annual project qualification process, E-RIHS.pl provides conservators, art historians, museologists, and archaeologists with free access to 41 methodologies developed specifically\u00a0for the examination of CH artefacts.\u00a0It entered a <a href=\"https:\/\/www.gov.pl\/web\/science\/polish-roadmap-for-research-infrastructures\" target=\"_blank\" rel=\"noopener\">Polish Roadmap for Research Infrastructures<\/a> in January 2020.<\/p>\n<p><strong>Our goals are:\u00a0<\/strong><\/p>\n<ul>\n<li>development, coordination, and implementation of an integrated system supporting access of art curators, restorers and other museum specialists to modern methods of physical and chemical tests and exchange of information on the results of these tests and analyses,<\/li>\n<li>promotion of national and pan-European scientific co-operation on physical-chemical examination of Heritage Objects<\/li>\n<li>preparation and conduction on common research project from Heritage Science area<\/li>\n<li>fostering exchange of experience and results of research and enhancement of cooperation of the Infrastructure members by organising conferences, workshops, and symposia. Specifically, a permanent forum of such an activity is the annual conference \u201cAnalytical Chemistry in Cultural Heritage Protection\u201d (\u201eAnaliza Chemiczna w Ochronie Zabytk\u00f3w\u201d)<\/li>\n<li>cooperation with other research infrastructures, institutions, consortia, and networks active in this field in Poland and Europe.<\/li>\n<\/ul>\n<p><a href=\"http:\/\/www.e-rihs.pl\/index.php\/english-info\/\">Back to top<\/a><br \/>\n<a name=\"partners\"><\/a><\/p>\n<p><strong>At present, the infrastructure comprises:<\/strong><\/p>\n<ul>\n<li><a href=\"https:\/\/www.umk.pl\/en\/\">Nicolaus Copernicus University in Toru\u0144 <\/a>as a coordinator<\/li>\n<li><a href=\"https:\/\/www.asp.krakow.pl\/kontakt-international-offics\/\">Academy of Fine Arts in Krak\u00f3w<\/a><\/li>\n<li><a href=\"https:\/\/www.agh.edu.pl\/en\/\">AGH University of Science and Technology in Krak\u00f3w<\/a>\u00a0&#8211; Historical Layers Research Centre<\/li>\n<li><a href=\"http:\/\/www.ichtj.waw.pl\">Institute of Nuclear Chemistry and Technology in Warszawa<\/a><\/li>\n<li><a href=\"https:\/\/ikifp.edu.pl\/en\/\">Jerzy Haber Institute of Catalysis and Surface Chemistry of Polish Academy of Sciences in Krak\u00f3w<\/a><\/li>\n<li><a href=\"https:\/\/www.imp.gda.pl\/en\/\">The Szewalski Institute of Fluid-Flow Machinery of the Polish Academy of Science in Gda\u0144sk<\/a><\/li>\n<li><a href=\"https:\/\/mnk.pl\/en\/laboratory-of-analysis-and-nondestructive-investigation-of-heritage-objects\">LANBOZ \u2013 The Laboratory of Analysis and Non-destructive Investigation of Heritage Objects, National Museum in Krak\u00f3w<\/a><\/li>\n<li><a href=\"https:\/\/www.ncbj.gov.pl\/en\">National Centre for Nuclear Research<\/a><\/li>\n<li><a href=\"https:\/\/www.psnc.pl\/\">Poznan Supercomputing and Networking Center<\/a> (affiliated to the Institute of Bioorganic Chemistry PAS)<\/li>\n<li><a href=\"https:\/\/eng.pw.edu.pl\/\">Warsaw University of Technology<\/a><\/li>\n<li><a href=\"https:\/\/uek.krakow.pl\/en\/\">Krak\u00f3w University of Economics<\/a><\/li>\n<li><a href=\"https:\/\/en.uj.edu.pl\/en\">Jagiellonian University<\/a> in Krak\u00f3w<\/li>\n<li><a href=\"https:\/\/en.uw.edu.pl\/\">University of Warsaw<\/a> \u2013 <a href=\"https:\/\/cnbch.uw.edu.pl\/en\/home\/\">Biological and Chemical Research Centre<\/a><br \/>\n<a href=\"https:\/\/cnbch.uw.edu.pl\/en\/reaserch\/researchgroups\/interdisciplinary-laboratory-for-archemoetric-research\/\">Interdisciplinary Laboratory for Archemoetric Research<\/a><\/li>\n<li><a href=\"https:\/\/uwr.edu.pl\/en\/\">University of Wroc\u0142aw<\/a><\/li>\n<\/ul>\n<p><a href=\"http:\/\/www.e-rihs.pl\/index.php\/english-info\/\">Back to top<\/a><br \/>\n<a name=\"offer\"><\/a><\/p>\n<p><strong>Our offer:<\/strong><\/p>\n<p style=\"text-align: justify;\">The primary mode of operation of the infrastructure is the offer of free examinations to curators and restorers, thus enabling their access to high-class research procedures. The offer is organized into three platforms:<\/p>\n<ul>\n<li style=\"text-align: justify;\">MOLAB_PL: examination, carried out by a mobile research team, takes place <em>in-situ<\/em> (<em>e.g<\/em>., at a museum) &#8211; the offer includes 12 research procedures;<\/li>\n<li style=\"text-align: justify;\">FIXLAB_PL: testing takes place in a specialized laboratory offering a given procedure and utilises a non-mobile testing facility &#8211; 23 testing procedures are offered.<\/li>\n<li style=\"text-align: justify;\">DIGILAB_PL: a digital platform designed for support of heritage preservation and conservation<\/li>\n<\/ul>\n<p style=\"text-align: justify;\">The offer is addressed to all institutions active in the area of cultural heritage research and protection and includes examination (in the presence of the object\u2019s curator) by qualified research staff of infrastructure partners, as well as analysis and interpretation of results prepared in close cooperation with the curator so that the results obtained are most useful to them. In comprises:<\/p>\n<p><strong>MOLAB_PL<\/strong><\/p>\n<ul>\n<li>Digital image correlation (DIC) method for field displacement and strain measurements<\/li>\n<li>Acoustic emission<\/li>\n<li>X-ray fluorescence XRF (Artax 800, hand-held)<\/li>\n<li>Digital Speckle Pattern Interferometry<\/li>\n<li>Complementary laser spectroscopy techniques for material analysis (micro-Raman, LIF, LIBS)<\/li>\n<li>Terrestrial Laser Scanning<\/li>\n<li>Microfedometry<\/li>\n<li>Multispectral imaging<\/li>\n<li>Optical Coherence Tomography (OCT)<\/li>\n<li>High-resolution laser imaging prospection of small-and medium-scale sites with an unmanned aerial vehicle (UAV).<\/li>\n<li>Reflective infrared spectroscopy (FTIR)<\/li>\n<li>UV \u2013 VIS \u2013 spectrophotometry<\/li>\n<li>Laser cleaning system with monitoring by spectroscopic techniques<\/li>\n<li>Polynomial Texture Maps of (PTM)<\/li>\n<li>High-resolution IR reflectometry in 900 -1700 nm band<\/li>\n<\/ul>\n<p><strong>FIXLAB_PL<\/strong><\/p>\n<ul>\n<li style=\"text-align: justify;\">Examination of corrosion processes in metal objects<\/li>\n<li style=\"text-align: justify;\">Gas chromatography \u2013 mass spectrometry (GC-MS) in the application for the study of metabolic activity of fungi causing the destruction of historic objects and the study of volatile indicators of the degradation progress in historic objects<\/li>\n<li style=\"text-align: justify;\">Gas chromatography \u2013 mass spectrometry (GC-MS) in the application for examination of binders and identification of organic compounds used in art works<\/li>\n<li style=\"text-align: justify;\">Decontamination with an electron beam<\/li>\n<li style=\"text-align: justify;\">Electronic Paramagnetic Resonance (EPR)<\/li>\n<li style=\"text-align: justify;\">Identification of the origin of skins and parchments<\/li>\n<li style=\"text-align: justify;\">Identification of microbiological hazards<\/li>\n<li style=\"text-align: justify;\">X-ray macrofluorescence \u2013 (MAXRF)<\/li>\n<li style=\"text-align: justify;\">Stereoscopic microscopy VIS<\/li>\n<li style=\"text-align: justify;\">UV microscopy<\/li>\n<li style=\"text-align: justify;\">Neutron Activation Analysis INAA<\/li>\n<li style=\"text-align: justify;\">Radiation consolidation of CH artifacts<\/li>\n<li style=\"text-align: justify;\">X-Ray Powder Diffraction (XRPD)<\/li>\n<li style=\"text-align: justify;\">Digital X-ray radiography<\/li>\n<li style=\"text-align: justify;\">Scanning electron microscopy with energy dispersion spectrometry SEM-EDS<\/li>\n<li style=\"text-align: justify;\">Laser Ablation Inductively Coupled Plasma Mass Spectrometry LA-ICP-MS<\/li>\n<li style=\"text-align: justify;\">Inductively Coupled Plasma Mass Spectrometry ICP-MS<\/li>\n<li style=\"text-align: justify;\">FTIR spectroscopy<\/li>\n<li style=\"text-align: justify;\">Raman spectroscopy<\/li>\n<li style=\"text-align: justify;\">X-ray tomography<\/li>\n<li style=\"text-align: justify;\">High-performance liquid chromatography with LC-MS\/MS mass spectrometry<\/li>\n<li style=\"text-align: justify;\">Automated 3D documentation system<\/li>\n<\/ul>\n<p style=\"text-align: justify;\"><strong>DIGILAB_PL<\/strong><\/p>\n<ul style=\"text-align: justify;\">\n<li>HERIe \u2013 a digital decision-supporting platform for quantitative assessment of risks to heritage assets<\/li>\n<li>Pilot digitisation of unusual or particularly valuable objects<\/li>\n<li>Preliminary analysis of the specificity of the institution\u2019s resources in terms of their digitisation<\/li>\n<\/ul>\n<p><a href=\"http:\/\/www.e-rihs.pl\/index.php\/english-info\/\">Back to top<\/a><br \/>\n<a name=\"contact\"><\/a><\/p>\n<p><strong>Contact, infrastructure office:<\/strong><\/p>\n<p>prof. dr Piotr Targowski,\u00a0\u00a0e-mail: <a href=\"mailto:ptarg@umk.pl\" target=\"_blank\" rel=\"noopener\">ptarg@umk.pl<\/a><\/p>\n<p>dr in\u017c. Magdalena Kowalska, e-mail:\u00a0<a href=\"mailto: mkow@umk.pl\">mkow@umk.pl<\/a><\/p>\n<p>Institute of Physics, Nicolaus Copernicus University in Toru\u0144<\/p>\n<p>Grudzi\u0105dzka 5 Street, 87-100 Torun Poland<br \/>\n<a href=\"http:\/\/www.e-rihs.pl\/index.php\/english-info\/\">Back to top<\/a><\/p>\n","protected":false},"excerpt":{"rendered":"<p>Our partners Our offer Contact E-RIHS.pl formed in December 2015 is a Polish node of European Research\u00a0Infrastructure for Heritage Science\u00a0 E-RIHS.\u00a0The\u00a0goal of E-RIHS.pl is to\u00a0study historic objects through physicochemical methods. It brings together 22 laboratories from 14 research institutions from &hellip; <a href=\"https:\/\/www.e-rihs.pl\/index.php\/english-info\/\">Czytaj dalej <span class=\"meta-nav\">&rarr;<\/span><\/a><\/p>\n","protected":false},"author":1,"featured_media":0,"parent":0,"menu_order":0,"comment_status":"closed","ping_status":"closed","template":"","meta":[],"_links":{"self":[{"href":"https:\/\/www.e-rihs.pl\/index.php\/wp-json\/wp\/v2\/pages\/19"}],"collection":[{"href":"https:\/\/www.e-rihs.pl\/index.php\/wp-json\/wp\/v2\/pages"}],"about":[{"href":"https:\/\/www.e-rihs.pl\/index.php\/wp-json\/wp\/v2\/types\/page"}],"author":[{"embeddable":true,"href":"https:\/\/www.e-rihs.pl\/index.php\/wp-json\/wp\/v2\/users\/1"}],"replies":[{"embeddable":true,"href":"https:\/\/www.e-rihs.pl\/index.php\/wp-json\/wp\/v2\/comments?post=19"}],"version-history":[{"count":0,"href":"https:\/\/www.e-rihs.pl\/index.php\/wp-json\/wp\/v2\/pages\/19\/revisions"}],"wp:attachment":[{"href":"https:\/\/www.e-rihs.pl\/index.php\/wp-json\/wp\/v2\/media?parent=19"}],"curies":[{"name":"wp","href":"https:\/\/api.w.org\/{rel}","templated":true}]}}