{"id":2201,"date":"2023-06-09T16:59:06","date_gmt":"2023-06-09T16:59:06","guid":{"rendered":"http:\/\/www.e-rihs.pl\/?page_id=2201"},"modified":"2026-01-22T15:07:57","modified_gmt":"2026-01-22T15:07:57","slug":"obrazowanie-multispektralne","status":"publish","type":"page","link":"https:\/\/www.e-rihs.pl\/index.php\/obrazowanie-multispektralne\/","title":{"rendered":"Obrazowanie multispektralne"},"content":{"rendered":"<p><strong>Dysponent<\/strong>: AGH<\/p>\n<p><strong>Kontakt:<\/strong>\u00a0<a href=\"mailto:lojewski@agh.edu.pl\">dr hab. Tomasz \u0141ojewski, prof. AGH<img decoding=\"async\" loading=\"lazy\" src=\"https:\/\/fizyka.umk.pl\/~erihs\/wp-content\/uploads\/2016\/05\/koperta.gif\" alt=\"koperta\" width=\"14\" height=\"16\" \/><\/a><\/p>\n<p><strong>Opis Metody<\/strong><\/p>\n<p style=\"text-align: justify;\">Obrazowanie multispektralne (Multispectral Imaging, MSI) to metoda rejestracji serii obraz\u00f3w dla wielu w\u0105skich zakres\u00f3w promieniowania elektromagnetycznego, zwykle obejmuj\u0105cych przedzia\u0142 365-1000 nm (gdy u\u017cyta matryca kamery jest wykonana z krzemu) lub zakres tzw. bliskiej podczerwieni (1000 \u2013 2400 nm). W tym drugim, rzadszym przypadku, konieczne jest u\u017cycie kamer z matryc\u0105 InGaS lub MCT, kt\u00f3re charakteryzuj\u0105 si\u0119 zwykle niewielk\u0105 rozdzielczo\u015bci\u0105 przestrzenn\u0105 (ilo\u015bci\u0105 pikseli), w por\u00f3wnaniu do kamer UV-VIS-NIR. Opr\u00f3cz kilkunastu (wersja techniki zwana obrazowaniem multi- lub wielospektralnym) lub kilkuset kana\u0142\u00f3w spektralnych (wersja techniki zwana obrazowaniem hiperspektralnym) cz\u0119sto rejestruje si\u0119 r\u00f3wnie\u017c obrazy fluorescencji, o\u015bwietlaj\u0105c badany obiekt promieniowaniem o ni\u017cszej d\u0142ugo\u015bci fali (zwykle UV) i rejestruj\u0105c obraz dla fal d\u0142u\u017cszych (np. w zakresie \u015bwiat\u0142a niebieskiego). Tak utworzon\u0105 tzw. kostk\u0119 danych, kt\u00f3r\u0105 mo\u017cna wyobrazi\u0107 sobie jako stos idealnie nak\u0142adaj\u0105cych si\u0119 czarno-bia\u0142ych zdj\u0119\u0107 uzyskanych w kolejnych d\u0142ugo\u015bciach fali, mo\u017cna wykorzysta\u0107 do wytworzenia obraz\u00f3w w barwach fa\u0142szywych lub podda\u0107 obr\u00f3bce metodami statystycznej analizy danych, kt\u00f3re pozwol\u0105 wytworzy\u0107 nowe obrazy, nieodpowiadaj\u0105ce ju\u017c \u017cadnej d\u0142ugo\u015bci fali, ale posiadaj\u0105ce jakie\u015b po\u017c\u0105dane cechy, np. uwidocznione linie tekstu nieczytelne na \u017cadnym obrazie sk\u0142adowym. Technik\u0119 MSI wykorzystujemy najcz\u0119\u015bciej do uczytelniania tekstu (zatartego, nadpisanego, wyblak\u0142ego itp.) w manuskryptach (palimpsesty) lub wydrukach lub dla uwidocznienia r\u00f3\u017cnic w warstwach malarskich (dokumentacja przemalowa\u0144, uczytelnienie sygnatur).<\/p>\n<p style=\"text-align: justify;\"><strong>Instrument<\/strong><\/p>\n<p style=\"text-align: justify;\">Posiadany przez nas zestaw aparatury do rejestracji MSI jest przewo\u017any, pozwala na prowadzenie rejestracji tak dla bardzo ma\u0142ych jak i dla du\u017cych obiekt\u00f3w, u\u017cywane o\u015bwietlenie LED nie rodzi ryzyka nadmiernego na\u015bwietlenia obiektu (mog\u0142oby si\u0119 tak dzia\u0107 przy wykorzystywaniu lamp halogenowych du\u017cej mocy, co by\u0142o niegdy\u015b praktykowane), rejestrowane obrazy s\u0105 bardzo du\u017cej rozdzielczo\u015bci (62 Mpx), w obr\u00f3bce wynik\u00f3w wykorzystujemy najnowocze\u015bniejsze oprogramowanie dedykowane do pracy z plikami multispektralnymi (Envi, Hoku), kt\u00f3re umo\u017cliwia prowadzenie zaawansowanej analizy statystycznej.<\/p>\n<p style=\"text-align: justify;\"><strong>Dane techniczne<\/strong> zestawu do rejestracji MSI:<\/p>\n<ul>\n<li>o\u015bwietlenie \u2013 12 kana\u0142owe lampy LED (372, 407, 442, 487, 525, 570, 598, 630, 665, 734, 850 oraz 940 nm);<\/li>\n<li>kamera z matryc\u0105 CMOS Sony IMX455, pe\u0142nospektralna, monochromatyczna, konwersja A\/D 16 bit, ch\u0142odzona do -5\u00b0C, rozdzielczo\u015b\u0107 9568 x 6380 pikseli (62Mpx);<\/li>\n<li>zmotoryzowane pi\u0119ciopozycyjne ko\u0142o filtrowe z filtrami UV\/R\/G\/B;<\/li>\n<li>obiektyw makro apochromatyczny UV-VIS-IR o ogniskowej 60 mm.<\/li>\n<\/ul>\n<p style=\"text-align: justify;\"><strong>Przyk\u0142adowe wyniki<\/strong><\/p>\n<div id=\"attachment_2203\" style=\"width: 594px\" class=\"wp-caption aligncenter\"><img aria-describedby=\"caption-attachment-2203\" decoding=\"async\" loading=\"lazy\" class=\"size-large wp-image-2203\" src=\"http:\/\/www.e-rihs.pl\/wp-content\/uploads\/2023\/06\/fig.-1-1024x340.png\" alt=\"Fragment tajnopisu z KL Ravensbr\u00fcck uczytelniony technik\u0105 MSI: (L) orygina\u0142, (\u015a) obraz fluorescencji oraz (P) obraz w barwach fa\u0142szywych, uzyskany z serii obraz\u00f3w fluorescencji\" width=\"584\" height=\"194\" srcset=\"https:\/\/www.e-rihs.pl\/wp-content\/uploads\/2023\/06\/fig.-1-1024x340.png 1024w, https:\/\/www.e-rihs.pl\/wp-content\/uploads\/2023\/06\/fig.-1-300x100.png 300w, https:\/\/www.e-rihs.pl\/wp-content\/uploads\/2023\/06\/fig.-1-768x255.png 768w, https:\/\/www.e-rihs.pl\/wp-content\/uploads\/2023\/06\/fig.-1.png 1148w\" sizes=\"(max-width: 584px) 100vw, 584px\" \/><p id=\"caption-attachment-2203\" class=\"wp-caption-text\">Fragment tajnopisu z KL Ravensbr\u00fcck uczytelniony technik\u0105 MSI: (L) orygina\u0142, (\u015a) obraz fluorescencji oraz (P) obraz w barwach fa\u0142szywych, uzyskany z serii obraz\u00f3w fluorescencji<\/p><\/div>\n<div id=\"attachment_2204\" style=\"width: 594px\" class=\"wp-caption aligncenter\"><img aria-describedby=\"caption-attachment-2204\" decoding=\"async\" loading=\"lazy\" class=\"size-large wp-image-2204\" src=\"https:\/\/fizyka.umk.pl\/~erihs\/nowaStrona\/wp-content\/uploads\/2023\/06\/fig.-2-1024x538.png\" alt=\"Sarkofag egipski: (L) obraz w \u015bwietle czerwonym, (\u015a) obraz fluorescencji w podczerwieni, (P) obraz w barwach fa\u0142szywych z uwidocznionym niebieskim pigmentem (b\u0142\u0119kit egipski).\" width=\"584\" height=\"307\" srcset=\"https:\/\/www.e-rihs.pl\/wp-content\/uploads\/2023\/06\/fig.-2-1024x538.png 1024w, https:\/\/www.e-rihs.pl\/wp-content\/uploads\/2023\/06\/fig.-2-300x157.png 300w, https:\/\/www.e-rihs.pl\/wp-content\/uploads\/2023\/06\/fig.-2-768x403.png 768w, https:\/\/www.e-rihs.pl\/wp-content\/uploads\/2023\/06\/fig.-2.png 1061w\" sizes=\"(max-width: 584px) 100vw, 584px\" \/><p id=\"caption-attachment-2204\" class=\"wp-caption-text\">Sarkofag egipski: (L) obraz w \u015bwietle czerwonym, (\u015a) obraz fluorescencji w podczerwieni, (P) obraz w barwach fa\u0142szywych z uwidocznionym niebieskim pigmentem (b\u0142\u0119kit egipski).<\/p><\/div>\n<p style=\"text-align: justify;\"><strong>Informacje szczeg\u00f3\u0142owe o posiadanej aparaturze MSI oraz przyk\u0142ady projekt\u00f3w realizowanych z jej u\u017cyciem<\/strong>: <a href=\"https:\/\/home.agh.edu.pl\/~lojewski\">https:\/\/home.agh.edu.pl\/~lojewski<\/a><\/p>\n<p>Tomasz \u0141ojewski, Miros\u0142aw Maciaszczyk, Wojciech P\u0142osa: <em>Uczytelnienie zapisk\u00f3w Marcela Nadjary\u2019ego, wi\u0119\u017ania obozu Auschwitz-Birkenau, metod\u0105 obrazowania multispektralnego<\/em>, Notes Konserwatorski nr 24, 2022, s. 59\u201375<\/p>\n","protected":false},"excerpt":{"rendered":"<p>Dysponent: AGH Kontakt:\u00a0dr hab. Tomasz \u0141ojewski, prof. AGH Opis Metody Obrazowanie multispektralne (Multispectral Imaging, MSI) to metoda rejestracji serii obraz\u00f3w dla wielu w\u0105skich zakres\u00f3w promieniowania elektromagnetycznego, zwykle obejmuj\u0105cych przedzia\u0142 365-1000 nm (gdy u\u017cyta matryca kamery jest wykonana z krzemu) lub &hellip; <a href=\"https:\/\/www.e-rihs.pl\/index.php\/obrazowanie-multispektralne\/\">Czytaj dalej <span class=\"meta-nav\">&rarr;<\/span><\/a><\/p>\n","protected":false},"author":1,"featured_media":0,"parent":0,"menu_order":0,"comment_status":"closed","ping_status":"closed","template":"","meta":[],"_links":{"self":[{"href":"https:\/\/www.e-rihs.pl\/index.php\/wp-json\/wp\/v2\/pages\/2201"}],"collection":[{"href":"https:\/\/www.e-rihs.pl\/index.php\/wp-json\/wp\/v2\/pages"}],"about":[{"href":"https:\/\/www.e-rihs.pl\/index.php\/wp-json\/wp\/v2\/types\/page"}],"author":[{"embeddable":true,"href":"https:\/\/www.e-rihs.pl\/index.php\/wp-json\/wp\/v2\/users\/1"}],"replies":[{"embeddable":true,"href":"https:\/\/www.e-rihs.pl\/index.php\/wp-json\/wp\/v2\/comments?post=2201"}],"version-history":[{"count":1,"href":"https:\/\/www.e-rihs.pl\/index.php\/wp-json\/wp\/v2\/pages\/2201\/revisions"}],"predecessor-version":[{"id":3322,"href":"https:\/\/www.e-rihs.pl\/index.php\/wp-json\/wp\/v2\/pages\/2201\/revisions\/3322"}],"wp:attachment":[{"href":"https:\/\/www.e-rihs.pl\/index.php\/wp-json\/wp\/v2\/media?parent=2201"}],"curies":[{"name":"wp","href":"https:\/\/api.w.org\/{rel}","templated":true}]}}