{"id":245,"date":"2016-05-25T10:24:32","date_gmt":"2016-05-25T10:24:32","guid":{"rendered":"http:\/\/www.fizyka.umk.pl\/~erihs\/?page_id=245"},"modified":"2026-02-21T12:55:21","modified_gmt":"2026-02-21T12:55:21","slug":"badanie-skladu-chemicznego-spektroskopia-ramana","status":"publish","type":"page","link":"https:\/\/www.e-rihs.pl\/index.php\/badanie-skladu-chemicznego-spektroskopia-ramana\/","title":{"rendered":"Badanie sk\u0142adu chemicznego &#8211; spektroskopia Ramana"},"content":{"rendered":"<p style=\"text-align: justify;\"><strong>Dysponent<\/strong>: Muzeum Narodowe w Krakowie &#8211; LANBOZ; Uniwersytet Wroc\u0142awski<\/p>\n<p style=\"text-align: justify;\"><strong>Kontakt:<\/strong>\u00a0<a href=\"mailto:jdelhoyo@mnk.pl\">dr Julio del Hoyo Mel\u00e9ndez\u00a0<img decoding=\"async\" loading=\"lazy\" src=\"https:\/\/fizyka.umk.pl\/~erihs\/wp-content\/uploads\/2016\/05\/koperta.gif\" alt=\"koperta\" width=\"14\" height=\"16\" \/><\/a>\u00a0(LANBOZ);\u00a0<a href=\"mailto:barbara.lydzba@chem.uni.wroc.pl\">dr Barbara \u0141yd\u017cba-Kopczy\u0144ska, prof. UWr <img decoding=\"async\" loading=\"lazy\" src=\"https:\/\/fizyka.umk.pl\/~erihs\/wp-content\/uploads\/2016\/05\/koperta.gif\" alt=\"koperta\" width=\"14\" height=\"16\" \/><\/a>\u00a0(UWr)<\/p>\n<h2 style=\"text-align: justify;\">Opis metody<\/h2>\n<p style=\"text-align: justify;\">Spektroskopia Ramana dostarczaj\u0105 informacji o budowie chemicznej zwi\u0105zk\u00f3w. W metodzie tej wykorzystuje si\u0119 zjawisko polegaj\u0105ce na nieelastycznym rozpraszaniu promieniowania przez pr\u00f3bk\u0119. W zarejestrowanym widmie analizuje si\u0119 pasma odpowiadaj\u0105ce oddzia\u0142ywaniom cz\u0105steczek znajduj\u0105cych si\u0119 w stanie podstawowym z promieniowaniem. Ograniczeniem spektroskopii Ramana jest punktowe wypalanie si\u0119 pr\u00f3bki w miejscu, na kt\u00f3re pada wi\u0105zka, a tak\u017ce wyst\u0119puj\u0105ca niekiedy fluorescencja badanych materia\u0142\u00f3w.<\/p>\n<h2 style=\"text-align: justify;\">Zastosowanie<\/h2>\n<p style=\"text-align: justify;\">Pomiar wykonuje si\u0119 dla pr\u00f3bek sta\u0142ych:<\/p>\n<ul style=\"text-align: justify;\">\n<li>polimer\u00f3w<\/li>\n<li>proszk\u00f3w: okre\u015blenie sk\u0142adu pigmentu (wybrane kolory)<\/li>\n<li>warstw malarskich: okre\u015blenie sk\u0142adu pigment\u00f3w warstwy malarskiej nie pokrytej werniksem<\/li>\n<li>tkanin: okre\u015blenie rodzaju w\u0142\u00f3kien<\/li>\n<\/ul>\n<p style=\"text-align: justify;\">Ograniczenia:<\/p>\n<ul style=\"text-align: justify;\">\n<li>ze wzgl\u0119du na wysok\u0105 fluorescencj\u0119 wyst\u0119puj\u0105 liczne ograniczenia w pomiarach pigment\u00f3w i tkanin,<\/li>\n<\/ul>\n<h2 style=\"text-align: justify;\">Instrument<\/h2>\n<div id=\"attachment_246\" style=\"width: 254px\" class=\"wp-caption aligncenter\"><img aria-describedby=\"caption-attachment-246\" decoding=\"async\" loading=\"lazy\" class=\"wp-image-246 size-full\" src=\"https:\/\/fizyka.umk.pl\/~erihs\/nowaStrona\/wp-content\/uploads\/2016\/05\/raman1.png\" alt=\"raman1\" width=\"244\" height=\"380\" srcset=\"https:\/\/www.e-rihs.pl\/wp-content\/uploads\/2016\/05\/raman1.png 244w, https:\/\/www.e-rihs.pl\/wp-content\/uploads\/2016\/05\/raman1-193x300.png 193w\" sizes=\"(max-width: 244px) 100vw, 244px\" \/><p id=\"caption-attachment-246\" class=\"wp-caption-text\">Fot. 1. Przeno\u015bny (r\u0119czny) spektrometr Ramana<\/p><\/div>\n<p style=\"text-align: justify;\">W badaniach wykorzystywany jest przeno\u015bny (r\u0119czny) spektrometr Ramana firmy DeltaNu z\u00a0 oprogramowaniem, pokazany na Fot. 1, o nast\u0119puj\u0105cych podstawowych danych technicznych:<\/p>\n<ul style=\"text-align: justify;\">\n<li>\u0179r\u00f3d\u0142o \u015bwiat\u0142a (laser): 785 nm<\/li>\n<li>Moc lasera: max 100 mW<\/li>\n<li>Rozdzielczo\u015b\u0107 8 cm<sup>-1<\/sup><\/li>\n<li>Zakres widma: 200-2000 cm<sup>-1<\/sup><\/li>\n<li>Zmiana mocy lasera skokowo: 5, 25, 50, 75 i 100 mW.<\/li>\n<\/ul>\n<h2 style=\"text-align: justify;\">Warunki badania<\/h2>\n<p style=\"text-align: justify;\">Nie ma konieczno\u015bci wcze\u015bniejszego przygotowania pr\u00f3bek lub powierzchni badanego obiektu. Pomiar powinien odbywa\u0107 si\u0119 w ciemno\u015bci. W przypadku pr\u00f3bek istnieje mo\u017cliwo\u015b\u0107 u\u017cycia stolika mikroskopowego, a tym samym lepszej stabilizacji odleg\u0142o\u015bci pomi\u0119dzy spektrometrem a badanym obiektem ni\u017c w przypadku pomiaru &#8222;z r\u0119ki&#8221;.<\/p>\n<div id=\"attachment_248\" style=\"width: 581px\" class=\"wp-caption aligncenter\"><img aria-describedby=\"caption-attachment-248\" decoding=\"async\" loading=\"lazy\" class=\"wp-image-248 size-full\" src=\"https:\/\/fizyka.umk.pl\/~erihs\/nowaStrona\/wp-content\/uploads\/2016\/05\/raman2.png\" alt=\"raman2\" width=\"571\" height=\"331\" srcset=\"https:\/\/www.e-rihs.pl\/wp-content\/uploads\/2016\/05\/raman2.png 571w, https:\/\/www.e-rihs.pl\/wp-content\/uploads\/2016\/05\/raman2-300x174.png 300w\" sizes=\"(max-width: 571px) 100vw, 571px\" \/><p id=\"caption-attachment-248\" class=\"wp-caption-text\">Fot. 2. Przygotowanie do pomiaru i pomiar za pomoc\u0105 spektroskopu Ramana DeltaNu<\/p><\/div>\n<h2 style=\"text-align: justify;\">Format wynik\u00f3w<\/h2>\n<p style=\"text-align: justify;\">Posiadane oprogramowanie pozwala na zbieranie danych oraz ich zapisanie w postaci pliku o rozszerzeniu\u00a0 .spc. Przyk\u0142adowy wynik po eksporcie do programu do sporz\u0105dzania wykres\u00f3w pokazano na Rys. 3.<\/p>\n<div id=\"attachment_247\" style=\"width: 489px\" class=\"wp-caption aligncenter\"><img aria-describedby=\"caption-attachment-247\" decoding=\"async\" loading=\"lazy\" class=\"wp-image-247 size-full\" src=\"https:\/\/fizyka.umk.pl\/~erihs\/nowaStrona\/wp-content\/uploads\/2016\/05\/raman3.png\" alt=\"raman3\" width=\"479\" height=\"334\" srcset=\"https:\/\/www.e-rihs.pl\/wp-content\/uploads\/2016\/05\/raman3.png 479w, https:\/\/www.e-rihs.pl\/wp-content\/uploads\/2016\/05\/raman3-300x209.png 300w\" sizes=\"(max-width: 479px) 100vw, 479px\" \/><p id=\"caption-attachment-247\" class=\"wp-caption-text\">Rys. 1. Przyk\u0142adowy wynik pomiaru<\/p><\/div>\n<h2 style=\"text-align: justify;\">Przyk\u0142adowe wyniki (bibliografia)<\/h2>\n<ol>\n<li style=\"text-align: justify;\">Anna Klisi\u0144ska-Kopacz, &#8222;Non-destructive characterization of 17<sup>th<\/sup> century painted silk banner by the combined use of Raman and XRF portable systems&#8221; J. Raman Spectrosc. 46 (3) (2015) 317-321<\/li>\n<\/ol>\n<p>&nbsp;<\/p>\n","protected":false},"excerpt":{"rendered":"<p>Dysponent: Muzeum Narodowe w Krakowie &#8211; LANBOZ; Uniwersytet Wroc\u0142awski Kontakt:\u00a0dr Julio del Hoyo Mel\u00e9ndez\u00a0\u00a0(LANBOZ);\u00a0dr Barbara \u0141yd\u017cba-Kopczy\u0144ska, prof. UWr \u00a0(UWr) Opis metody Spektroskopia Ramana dostarczaj\u0105 informacji o budowie chemicznej zwi\u0105zk\u00f3w. W metodzie tej wykorzystuje si\u0119 zjawisko polegaj\u0105ce na nieelastycznym rozpraszaniu promieniowania &hellip; <a href=\"https:\/\/www.e-rihs.pl\/index.php\/badanie-skladu-chemicznego-spektroskopia-ramana\/\">Czytaj dalej <span class=\"meta-nav\">&rarr;<\/span><\/a><\/p>\n","protected":false},"author":1,"featured_media":0,"parent":0,"menu_order":0,"comment_status":"closed","ping_status":"closed","template":"","meta":[],"_links":{"self":[{"href":"https:\/\/www.e-rihs.pl\/index.php\/wp-json\/wp\/v2\/pages\/245"}],"collection":[{"href":"https:\/\/www.e-rihs.pl\/index.php\/wp-json\/wp\/v2\/pages"}],"about":[{"href":"https:\/\/www.e-rihs.pl\/index.php\/wp-json\/wp\/v2\/types\/page"}],"author":[{"embeddable":true,"href":"https:\/\/www.e-rihs.pl\/index.php\/wp-json\/wp\/v2\/users\/1"}],"replies":[{"embeddable":true,"href":"https:\/\/www.e-rihs.pl\/index.php\/wp-json\/wp\/v2\/comments?post=245"}],"version-history":[{"count":1,"href":"https:\/\/www.e-rihs.pl\/index.php\/wp-json\/wp\/v2\/pages\/245\/revisions"}],"predecessor-version":[{"id":3395,"href":"https:\/\/www.e-rihs.pl\/index.php\/wp-json\/wp\/v2\/pages\/245\/revisions\/3395"}],"wp:attachment":[{"href":"https:\/\/www.e-rihs.pl\/index.php\/wp-json\/wp\/v2\/media?parent=245"}],"curies":[{"name":"wp","href":"https:\/\/api.w.org\/{rel}","templated":true}]}}