{"id":2892,"date":"2025-09-04T17:54:43","date_gmt":"2025-09-04T17:54:43","guid":{"rendered":"http:\/\/www.e-rihs.pl\/?page_id=2892"},"modified":"2025-09-04T17:54:43","modified_gmt":"2025-09-04T17:54:43","slug":"skanowanie-laserowe-terenu-z-bezzalogowego-statku-powietrznego-2","status":"publish","type":"page","link":"https:\/\/www.e-rihs.pl\/index.php\/skanowanie-laserowe-terenu-z-bezzalogowego-statku-powietrznego-2\/","title":{"rendered":"Skanowanie laserowe terenu z bezza\u0142ogowego statku powietrznego"},"content":{"rendered":"<p style=\"text-align: center;\"><strong>Magdalena Pilarska-Mazurek<\/strong>\u00a0(Politechnika Warszawska, Wydzia\u0142 Geodezji i Kartografii)<\/p>\n<p style=\"text-align: justify;\">Skanowanie laserowe z BSP (Bezza\u0142ogowego Statku Powietrznego, ang. ULS \u2013 Unmaned aerial vehicle Laser Scanning) to metoda teledetekcyjna, s\u0142u\u017c\u0105ca do rejestrowania topografii obiekt\u00f3w o niewielkim i \u015brednim zasi\u0119gu terenowym. Unikaln\u0105 cech\u0105 skanera laserowego, stanowi\u0105c\u0105 jego przewag\u0119 nad zdj\u0119ciami wykonywanymi z powietrza czy scenami satelitarnymi, jest mo\u017cliwo\u015b\u0107 penetracji ro\u015blinno\u015bci i rejestracji wielu odbi\u0107. W przypadku trafienia w ro\u015blinno\u015b\u0107 wi\u0105zka cz\u0119\u015bciowo si\u0119 odbija (od li\u015bci, ga\u0142\u0119zi), a cz\u0119\u015bciowo przechodzi ni\u017cej. W ostatnim czasie na rynku pojawia si\u0119 coraz wi\u0119cej skaner\u00f3w montowanych na BSP. W prezentacji przedstawione i por\u00f3wnane zostan\u0105 mo\u017cliwo\u015bci wygenerowania numerycznych modeli wysoko\u015bciowych na podstawie danych ze skaner\u00f3w laserowych na BSP. Dodatkowo pokazane zostan\u0105 przyk\u0142ady modeli 3D i ortomozaik wytworzonych na podstawie zdj\u0119\u0107 z BSP. Modele rze\u017aby oraz produkty ze zdj\u0119\u0107 dostarczaj\u0105 bardziej szczeg\u00f3\u0142owych informacji o terenie i umo\u017cliwiaj\u0105 wykonanie cyfrowej, nieinwazyjnej dokumentacji.<\/p>\n","protected":false},"excerpt":{"rendered":"<p>Magdalena Pilarska-Mazurek\u00a0(Politechnika Warszawska, Wydzia\u0142 Geodezji i Kartografii) Skanowanie laserowe z BSP (Bezza\u0142ogowego Statku Powietrznego, ang. ULS \u2013 Unmaned aerial vehicle Laser Scanning) to metoda teledetekcyjna, s\u0142u\u017c\u0105ca do rejestrowania topografii obiekt\u00f3w o niewielkim i \u015brednim zasi\u0119gu terenowym. Unikaln\u0105 cech\u0105 skanera laserowego, &hellip; <a href=\"https:\/\/www.e-rihs.pl\/index.php\/skanowanie-laserowe-terenu-z-bezzalogowego-statku-powietrznego-2\/\">Czytaj dalej <span class=\"meta-nav\">&rarr;<\/span><\/a><\/p>\n","protected":false},"author":1,"featured_media":0,"parent":0,"menu_order":0,"comment_status":"closed","ping_status":"closed","template":"","meta":[],"_links":{"self":[{"href":"https:\/\/www.e-rihs.pl\/index.php\/wp-json\/wp\/v2\/pages\/2892"}],"collection":[{"href":"https:\/\/www.e-rihs.pl\/index.php\/wp-json\/wp\/v2\/pages"}],"about":[{"href":"https:\/\/www.e-rihs.pl\/index.php\/wp-json\/wp\/v2\/types\/page"}],"author":[{"embeddable":true,"href":"https:\/\/www.e-rihs.pl\/index.php\/wp-json\/wp\/v2\/users\/1"}],"replies":[{"embeddable":true,"href":"https:\/\/www.e-rihs.pl\/index.php\/wp-json\/wp\/v2\/comments?post=2892"}],"version-history":[{"count":0,"href":"https:\/\/www.e-rihs.pl\/index.php\/wp-json\/wp\/v2\/pages\/2892\/revisions"}],"wp:attachment":[{"href":"https:\/\/www.e-rihs.pl\/index.php\/wp-json\/wp\/v2\/media?parent=2892"}],"curies":[{"name":"wp","href":"https:\/\/api.w.org\/{rel}","templated":true}]}}