{"id":3217,"date":"2025-12-04T12:04:45","date_gmt":"2025-12-04T12:04:45","guid":{"rendered":"https:\/\/www.e-rihs.pl\/?page_id=3217"},"modified":"2025-12-04T12:06:13","modified_gmt":"2025-12-04T12:06:13","slug":"10-nabor-wnioskow-skanowanie-bylego-kl-auschwitz-ii-birkenau","status":"publish","type":"page","link":"https:\/\/www.e-rihs.pl\/index.php\/10-nabor-wnioskow-skanowanie-bylego-kl-auschwitz-ii-birkenau\/","title":{"rendered":"10ty nab\u00f3r wniosk\u00f3w: skanowanie by\u0142ego KL Auschwitz II-Birkenau"},"content":{"rendered":"<h2 style=\"text-align: center;\"><strong>Opracowanie barwnej, sklasyfikowanej chmury punkt\u00f3w, numerycznego modelu terenu (NMT) oraz modelu siatkowego 3D (3D mesh) by\u0142ego KL Auschwitz II-Birkenau z\u00a0zastosowaniem bezza\u0142ogowego systemu lataj\u0105cego UAV<\/strong><\/h2>\n<p style=\"text-align: justify;\">W ramach projektu pozyskane zostan\u0105 dane z UAV na potrzeby opracowania cyfrowej dokumentacji przestrzennej historycznych obiekt\u00f3w i terenu by\u0142ego niemieckiego nazistowskiego obozu koncentracyjnego i zag\u0142ady Auschwitz II-Birkenau. Uzupe\u0142niona zostanie baza danych geoinformatycznych.<\/p>\n<p style=\"text-align: justify;\">Program badawczy zak\u0142ada wykonanie skanowania laserowego terenu z bezza\u0142ogowego statku powietrznego z jednoczesnym wykonaniem zdj\u0119\u0107. Wynikiem planowanych dzia\u0142a\u0144 b\u0119dzie opracowanie barwnej, sklasyfikowanej chmury punkt\u00f3w, numerycznego modelu terenu (NMT) oraz modelu siatkowego 3D (3D mesh). Na tej podstawie b\u0119d\u0105 mog\u0142y zosta\u0107 wykonane numeryczne i tr\u00f3jwymiarowe modele przestrzenne.<\/p>\n<p style=\"text-align: justify;\">Na obszarze obj\u0119tym opracowaniem znajduj\u0105 si\u0119 na nim m.in. baraki wi\u0119\u017aniarskie, ruiny kom\u00f3r gazowych i krematori\u00f3w, relikty po barakach i innych obiektach, kanalizacja, rowy melioracyjne, drogi, ogrodzenia, infrastruktura kolejowa.<\/p>\n<p style=\"text-align: justify;\">Uzyskana w projekcie dokumentacja cyfrowa b\u0119dzie wykorzystywana w dzia\u0142aniach maj\u0105cych na celu zachowanie i ochron\u0119 konserwatorsk\u0105 pozosta\u0142o\u015bci by\u0142ego obozu Auschwitz II-Birkenau, s\u0142u\u017c\u0105c opisowi, ocenie oraz monitorowaniu stanu zachowania obiekt\u00f3w i terenu, a tak\u017ce planowaniu prac konserwatorskich.<\/p>\n<div id=\"attachment_3218\" style=\"width: 310px\" class=\"wp-caption alignnone\"><img aria-describedby=\"caption-attachment-3218\" decoding=\"async\" loading=\"lazy\" class=\"size-medium wp-image-3218\" src=\"https:\/\/www.e-rihs.pl\/wp-content\/uploads\/2025\/12\/Ausschwitz-300x200.jpg\" alt=\"\" width=\"300\" height=\"200\" srcset=\"https:\/\/www.e-rihs.pl\/wp-content\/uploads\/2025\/12\/Ausschwitz-300x200.jpg 300w, https:\/\/www.e-rihs.pl\/wp-content\/uploads\/2025\/12\/Ausschwitz-1024x683.jpg 1024w, https:\/\/www.e-rihs.pl\/wp-content\/uploads\/2025\/12\/Ausschwitz-768x512.jpg 768w, https:\/\/www.e-rihs.pl\/wp-content\/uploads\/2025\/12\/Ausschwitz-450x300.jpg 450w, https:\/\/www.e-rihs.pl\/wp-content\/uploads\/2025\/12\/Ausschwitz.jpg 1386w\" sizes=\"(max-width: 300px) 100vw, 300px\" \/><p id=\"caption-attachment-3218\" class=\"wp-caption-text\">Teren by\u0142ego, nazistowskiego KL Auschwitz II-Birkenau, fot. Rados\u0142aw Pacek, Pa\u0144stwowe Muzeum Auschwitz-Birkenau<\/p><\/div>\n","protected":false},"excerpt":{"rendered":"<p>Opracowanie barwnej, sklasyfikowanej chmury punkt\u00f3w, numerycznego modelu terenu (NMT) oraz modelu siatkowego 3D (3D mesh) by\u0142ego KL Auschwitz II-Birkenau z\u00a0zastosowaniem bezza\u0142ogowego systemu lataj\u0105cego UAV W ramach projektu pozyskane zostan\u0105 dane z UAV na potrzeby opracowania cyfrowej dokumentacji przestrzennej historycznych obiekt\u00f3w &hellip; <a href=\"https:\/\/www.e-rihs.pl\/index.php\/10-nabor-wnioskow-skanowanie-bylego-kl-auschwitz-ii-birkenau\/\">Czytaj dalej <span class=\"meta-nav\">&rarr;<\/span><\/a><\/p>\n","protected":false},"author":1,"featured_media":0,"parent":0,"menu_order":0,"comment_status":"closed","ping_status":"closed","template":"","meta":[],"_links":{"self":[{"href":"https:\/\/www.e-rihs.pl\/index.php\/wp-json\/wp\/v2\/pages\/3217"}],"collection":[{"href":"https:\/\/www.e-rihs.pl\/index.php\/wp-json\/wp\/v2\/pages"}],"about":[{"href":"https:\/\/www.e-rihs.pl\/index.php\/wp-json\/wp\/v2\/types\/page"}],"author":[{"embeddable":true,"href":"https:\/\/www.e-rihs.pl\/index.php\/wp-json\/wp\/v2\/users\/1"}],"replies":[{"embeddable":true,"href":"https:\/\/www.e-rihs.pl\/index.php\/wp-json\/wp\/v2\/comments?post=3217"}],"version-history":[{"count":2,"href":"https:\/\/www.e-rihs.pl\/index.php\/wp-json\/wp\/v2\/pages\/3217\/revisions"}],"predecessor-version":[{"id":3220,"href":"https:\/\/www.e-rihs.pl\/index.php\/wp-json\/wp\/v2\/pages\/3217\/revisions\/3220"}],"wp:attachment":[{"href":"https:\/\/www.e-rihs.pl\/index.php\/wp-json\/wp\/v2\/media?parent=3217"}],"curies":[{"name":"wp","href":"https:\/\/api.w.org\/{rel}","templated":true}]}}