{"id":3223,"date":"2025-12-04T12:10:08","date_gmt":"2025-12-04T12:10:08","guid":{"rendered":"https:\/\/www.e-rihs.pl\/?page_id=3223"},"modified":"2025-12-04T12:10:08","modified_gmt":"2025-12-04T12:10:08","slug":"10ty-nabor-wnioskow-meczenstwo-sw-sebastiana","status":"publish","type":"page","link":"https:\/\/www.e-rihs.pl\/index.php\/10ty-nabor-wnioskow-meczenstwo-sw-sebastiana\/","title":{"rendered":"10ty nab\u00f3r wniosk\u00f3w: M\u0119cze\u0144stwo \u015aw. Sebastiana"},"content":{"rendered":"<h2 style=\"text-align: center;\">Badania fizyko-chemiczne obrazu <em>M\u0119cze\u0144stwo \u015bw. Sebastiana <\/em>ze zbior\u00f3w Muzeum Archidiecezjalnego we Wroc\u0142awiu<\/h2>\n<p style=\"text-align: justify;\">Celem bada\u0144 jest diagnostyka obrazu <em>M\u0119cze\u0144stwo \u015bw. Sebastiana<\/em> ze zbior\u00f3w Muzeum Archidiecezjalnego we Wroc\u0142awiu w kierunku ustalenia zastosowanych materia\u0142\u00f3w malarskich. Zosta\u0142 on namalowany technik\u0105 olejn\u0105 na lnianym p\u0142\u00f3tnie o wymiarach 170 x 107 cm w 2. po\u0142owie XVII wieku i przedstawia scen\u0119 M\u0119cze\u0144stwa \u015bw. Sebastiana na tle pejza\u017cu. Jest dzie\u0142em wybitnym pod wzgl\u0119dem artystycznym. Mimo tego nasza wiedza o nim jest nik\u0142a, a sam obraz wymaga konserwacji, co obecnie zdecydowanie obni\u017ca jego warto\u015b\u0107 ekspozycyjn\u0105. Badania fizyko-chemiczne obrazu <em>M\u0119cze\u0144stwo \u015bw. Sebastiana <\/em>mog\u0105 pom\u00f3c w przygotowaniu konserwacji obrazu. Analiza zdj\u0119\u0107 wykonanych w \u015bwietle UV i IR ujawni stan zachowania, badania MA-XRF dostarcz\u0105 informacji o zastosowanych pigmentach. Wykonanie szlif\u00f3w z pobranych pr\u00f3bek i ich analiza mikroskopowa w \u015bwietle VIS i UV ujawni stratygrafi\u0119. Wykonanie bada\u0144 SEM-EDS\u00a0 dostarczy danych uzupe\u0142niaj\u0105cych analiz\u0119 pigment\u00f3w. Wyniki tych bada\u0144 zostan\u0105 uzupe\u0142nione wynikami bada\u0144 z zastosowaniem spektroskopii Ramana. Analiza techniki malarskiej zostanie uzupe\u0142niona o analiz\u0119 spoiwa z zastosowaniem chromatografii GC-MS. Projekt bada\u0144 b\u0119dzie mie\u0107 du\u017ce znaczenie dla kultury narodowej. Pomo\u017ce bowiem przygotowa\u0107 program konserwatorski i w konsekwencji przywr\u00f3ci\u0107 kulturze narodowej kolejne malarskie arcydzie\u0142o.<\/p>\n<div id=\"attachment_3224\" style=\"width: 224px\" class=\"wp-caption alignnone\"><img aria-describedby=\"caption-attachment-3224\" decoding=\"async\" loading=\"lazy\" class=\"size-medium wp-image-3224\" src=\"https:\/\/www.e-rihs.pl\/wp-content\/uploads\/2025\/12\/Sw-Sebastian-214x300.jpg\" alt=\"\" width=\"214\" height=\"300\" srcset=\"https:\/\/www.e-rihs.pl\/wp-content\/uploads\/2025\/12\/Sw-Sebastian-214x300.jpg 214w, https:\/\/www.e-rihs.pl\/wp-content\/uploads\/2025\/12\/Sw-Sebastian-730x1024.jpg 730w, https:\/\/www.e-rihs.pl\/wp-content\/uploads\/2025\/12\/Sw-Sebastian-768x1077.jpg 768w, https:\/\/www.e-rihs.pl\/wp-content\/uploads\/2025\/12\/Sw-Sebastian-1095x1536.jpg 1095w, https:\/\/www.e-rihs.pl\/wp-content\/uploads\/2025\/12\/Sw-Sebastian.jpg 1386w\" sizes=\"(max-width: 214px) 100vw, 214px\" \/><p id=\"caption-attachment-3224\" class=\"wp-caption-text\">Nieznany malarz, M\u0119cze\u0144stwo \u015bw. Sebastiana, 2. po\u0142. XVII wieku, olej na p\u0142\u00f3tnie,<br \/>Muzeum Archidiecezjalne we Wroc\u0142awiu. Fot. Andrzej Kozie\u0142<\/p><\/div>\n","protected":false},"excerpt":{"rendered":"<p>Badania fizyko-chemiczne obrazu M\u0119cze\u0144stwo \u015bw. Sebastiana ze zbior\u00f3w Muzeum Archidiecezjalnego we Wroc\u0142awiu Celem bada\u0144 jest diagnostyka obrazu M\u0119cze\u0144stwo \u015bw. Sebastiana ze zbior\u00f3w Muzeum Archidiecezjalnego we Wroc\u0142awiu w kierunku ustalenia zastosowanych materia\u0142\u00f3w malarskich. Zosta\u0142 on namalowany technik\u0105 olejn\u0105 na lnianym p\u0142\u00f3tnie &hellip; <a href=\"https:\/\/www.e-rihs.pl\/index.php\/10ty-nabor-wnioskow-meczenstwo-sw-sebastiana\/\">Czytaj dalej <span class=\"meta-nav\">&rarr;<\/span><\/a><\/p>\n","protected":false},"author":1,"featured_media":0,"parent":0,"menu_order":0,"comment_status":"closed","ping_status":"closed","template":"","meta":[],"_links":{"self":[{"href":"https:\/\/www.e-rihs.pl\/index.php\/wp-json\/wp\/v2\/pages\/3223"}],"collection":[{"href":"https:\/\/www.e-rihs.pl\/index.php\/wp-json\/wp\/v2\/pages"}],"about":[{"href":"https:\/\/www.e-rihs.pl\/index.php\/wp-json\/wp\/v2\/types\/page"}],"author":[{"embeddable":true,"href":"https:\/\/www.e-rihs.pl\/index.php\/wp-json\/wp\/v2\/users\/1"}],"replies":[{"embeddable":true,"href":"https:\/\/www.e-rihs.pl\/index.php\/wp-json\/wp\/v2\/comments?post=3223"}],"version-history":[{"count":1,"href":"https:\/\/www.e-rihs.pl\/index.php\/wp-json\/wp\/v2\/pages\/3223\/revisions"}],"predecessor-version":[{"id":3225,"href":"https:\/\/www.e-rihs.pl\/index.php\/wp-json\/wp\/v2\/pages\/3223\/revisions\/3225"}],"wp:attachment":[{"href":"https:\/\/www.e-rihs.pl\/index.php\/wp-json\/wp\/v2\/media?parent=3223"}],"curies":[{"name":"wp","href":"https:\/\/api.w.org\/{rel}","templated":true}]}}