{"id":3227,"date":"2025-12-04T12:17:51","date_gmt":"2025-12-04T12:17:51","guid":{"rendered":"https:\/\/www.e-rihs.pl\/?page_id=3227"},"modified":"2025-12-04T12:17:51","modified_gmt":"2025-12-04T12:17:51","slug":"10ty-nabor-wnioskow-chrystus-pantokrator","status":"publish","type":"page","link":"https:\/\/www.e-rihs.pl\/index.php\/10ty-nabor-wnioskow-chrystus-pantokrator\/","title":{"rendered":"10ty nab\u00f3r wniosk\u00f3w: Chrystus Pantokrator"},"content":{"rendered":"<h2 style=\"text-align: center;\">Badania technologiczne ikony \u201eChrystus Pantokrator w Majestacie\u201d z Surowicy z II po\u0142. XVI w. przypisywanej warsztatowi Mistrza Ikony Deesis z Bartnego w celu rozpoznania specyfiki warsztatowej oraz zakresu ingerencji konserwatorskich<\/h2>\n<p style=\"text-align: justify;\">Celem projektu jest rozpoznanie techniki i technologii Ikony \u201eChrystus Pantokrator w Majestacie\u201d z II po\u0142. XVI w z Surowicy, przypisywanej warsztatowi Mistrza Ikony Deesis z Bartnego. Dodatkowym celem jest rozpoznanie zakresu ingerencji konserwatorskich przeprowadzonych w przesz\u0142o\u015bci.<\/p>\n<div id=\"attachment_3228\" style=\"width: 243px\" class=\"wp-caption alignnone\"><img aria-describedby=\"caption-attachment-3228\" decoding=\"async\" loading=\"lazy\" class=\"size-medium wp-image-3228\" src=\"https:\/\/www.e-rihs.pl\/wp-content\/uploads\/2025\/12\/Pantokrator-233x300.png\" alt=\"\" width=\"233\" height=\"300\" srcset=\"https:\/\/www.e-rihs.pl\/wp-content\/uploads\/2025\/12\/Pantokrator-233x300.png 233w, https:\/\/www.e-rihs.pl\/wp-content\/uploads\/2025\/12\/Pantokrator-796x1024.png 796w, https:\/\/www.e-rihs.pl\/wp-content\/uploads\/2025\/12\/Pantokrator-768x988.png 768w, https:\/\/www.e-rihs.pl\/wp-content\/uploads\/2025\/12\/Pantokrator.png 826w\" sizes=\"(max-width: 233px) 100vw, 233px\" \/><p id=\"caption-attachment-3228\" class=\"wp-caption-text\">Ikona \u201eChrystus Pantokrator w Majestacie\u201d z Surowicy. Fot. Maria S\u0119k-Pud\u0142owska<\/p><\/div>\n<p style=\"text-align: justify;\">Ikona nie by\u0142a dotychczas poddawana \u017cadnym badaniom analitycznym. W latach 60 XX w. by\u0142a konserwowana przez Pracownie Konserwacji Zabytk\u00f3w w Warszawie, ale nie wykonywano wtedy bada\u0144 technologicznych. Obecnie ikona, kt\u00f3ra jest w\u0142asno\u015bci\u0105 Muzeum Historycznego w w Sanoku wymaga ponownej konserwacji. Dzi\u0119ki przeprowadzeniu szczeg\u00f3\u0142owych bada\u0144 analitycznych warstw technologicznych ikony, by\u0142aby mo\u017cliwo\u015b\u0107 znalezienia charakterystycznych cech i okre\u015blenie specyfiki warsztatu Mistrza Ikony Deesis z Bartnego (inaczej zwanego Mistrzem z Jab\u0142onowej). Istniej\u0105 trzy podobne ikony z tym samym wizerunkiem przypisywane do tego samego warsztatu. Pierwsza to wy\u017cej wymieniona, druga to ikona \u201eChrystus w Majestacie\u201d obecnie znajduj\u0105ca si\u0119 w kolekcji Muzeum Ikon w Supra\u015blu (odkryta przez konserwator\u00f3w dzie\u0142 sztuki w latach 90 XX w) oraz \u201eChrystus w Majestacie\u201d ze Szklar znajduj\u0105ca si\u0119 w Muzeum Narodowym we Lwowie. Wszystkie te ikony charakteryzuj\u0105 si\u0119 wysokim poziomem artystycznym.<\/p>\n<p style=\"text-align: justify;\">Mimo, \u017ce istnieje do\u015b\u0107 spora ilo\u015b\u0107 ikon przypisywanych temu warsztatowi to bardzo nieliczne ikony by\u0142y poddawane badaniom analitycznym, dlatego przeprowadzenie szczeg\u00f3\u0142owych bada\u0144 technicznych i technologicznych tej ikony pomog\u0142oby w rozpoznaniu specyfiki warsztatowej Mistrza Ikony Deesis z Bartnego i pomog\u0142oby w przysz\u0142o\u015bci dokonywa\u0107 atrybucji innych ikon. Dzi\u0119ki przeprowadzonym badaniom b\u0119dzie tak\u017ce mo\u017cliwo\u015b\u0107 okre\u015blenia zakresu ingerencji konserwatorskich z poprzednich lat, co u\u0142atwi podejmowanie decyzji przy poddawaniu ikony planowanej w przysz\u0142o\u015bci konserwacji.<\/p>\n","protected":false},"excerpt":{"rendered":"<p>Badania technologiczne ikony \u201eChrystus Pantokrator w Majestacie\u201d z Surowicy z II po\u0142. XVI w. przypisywanej warsztatowi Mistrza Ikony Deesis z Bartnego w celu rozpoznania specyfiki warsztatowej oraz zakresu ingerencji konserwatorskich Celem projektu jest rozpoznanie techniki i technologii Ikony \u201eChrystus Pantokrator &hellip; <a href=\"https:\/\/www.e-rihs.pl\/index.php\/10ty-nabor-wnioskow-chrystus-pantokrator\/\">Czytaj dalej <span class=\"meta-nav\">&rarr;<\/span><\/a><\/p>\n","protected":false},"author":1,"featured_media":0,"parent":0,"menu_order":0,"comment_status":"closed","ping_status":"closed","template":"","meta":[],"_links":{"self":[{"href":"https:\/\/www.e-rihs.pl\/index.php\/wp-json\/wp\/v2\/pages\/3227"}],"collection":[{"href":"https:\/\/www.e-rihs.pl\/index.php\/wp-json\/wp\/v2\/pages"}],"about":[{"href":"https:\/\/www.e-rihs.pl\/index.php\/wp-json\/wp\/v2\/types\/page"}],"author":[{"embeddable":true,"href":"https:\/\/www.e-rihs.pl\/index.php\/wp-json\/wp\/v2\/users\/1"}],"replies":[{"embeddable":true,"href":"https:\/\/www.e-rihs.pl\/index.php\/wp-json\/wp\/v2\/comments?post=3227"}],"version-history":[{"count":1,"href":"https:\/\/www.e-rihs.pl\/index.php\/wp-json\/wp\/v2\/pages\/3227\/revisions"}],"predecessor-version":[{"id":3229,"href":"https:\/\/www.e-rihs.pl\/index.php\/wp-json\/wp\/v2\/pages\/3227\/revisions\/3229"}],"wp:attachment":[{"href":"https:\/\/www.e-rihs.pl\/index.php\/wp-json\/wp\/v2\/media?parent=3227"}],"curies":[{"name":"wp","href":"https:\/\/api.w.org\/{rel}","templated":true}]}}