{"id":3230,"date":"2025-12-04T12:23:24","date_gmt":"2025-12-04T12:23:24","guid":{"rendered":"https:\/\/www.e-rihs.pl\/?page_id=3230"},"modified":"2025-12-04T12:23:24","modified_gmt":"2025-12-04T12:23:24","slug":"10ty-nabor-wnioskow-oplakiwanie-chrystusa","status":"publish","type":"page","link":"https:\/\/www.e-rihs.pl\/index.php\/10ty-nabor-wnioskow-oplakiwanie-chrystusa\/","title":{"rendered":"10ty nab\u00f3r wniosk\u00f3w: Op\u0142akiwanie Chrystusa"},"content":{"rendered":"<h2 style=\"text-align: center;\"><strong>Badania technologiczne obrazu \u201cOp\u0142akiwanie Chrystusa\u201d z Por\u0105bki Uszewskiej, z kolekcji Muzeum Diecezjalnego w Tarnowie. Rozpoznanie stanu zachowania, historii obiektu oraz zakresu p\u00f3\u017aniejszych przekszta\u0142ce\u0144<\/strong><\/h2>\n<p style=\"text-align: justify;\">Projekt badawczy dotyczy obrazu \u201eOp\u0142akiwanie Chrystusa\u201d, pochodz\u0105cego z parafii w Por\u0105bce Uszewskiej, obecnie nale\u017c\u0105cego do kolekcji\u00a0 Muzeum Diecezjalnego w Tarnowie. Dzie\u0142o wykonane na drewnianym podobraziu wykazuje cechy wskazuj\u0105ce na powi\u0105zania ze sztuk\u0105 niderlandzk\u0105, jednak jego dok\u0142adne datowanie i atrybucja s\u0105 utrudnione z powodu licznych przemalowa\u0144 i ingerencji konserwatorskich. Obiekt, dot\u0105d nieopracowany naukowo, stanowi cenny materia\u0142 do bada\u0144 nad relacjami artystycznymi mi\u0119dzy Ma\u0142opolsk\u0105 a Europ\u0105 Zachodni\u0105 w XV i XVI wieku.<\/p>\n<p style=\"text-align: justify;\">Celem projektu jest przeprowadzenie bada\u0144 konserwatorskich i analiz fizyko-chemicznych, kt\u00f3re pozwol\u0105 okre\u015bli\u0107 technik\u0119 wykonania, zakres przemalowa\u0144 oraz stan zachowania oryginalnej warstwy malarskiej. Pozyskane wyniki umo\u017cliwi\u0105 przywr\u00f3cenie pierwotnych warto\u015bci artystycznych dzie\u0142a w trakcie planowanych zabieg\u00f3w konserwatorskich, a tak\u017ce jego w\u0142a\u015bciwe umiejscowienie w kontek\u015bcie historyczno-artystycznym.<\/p>\n<p style=\"text-align: justify;\">Rezultaty bada\u0144 przyczyni\u0105 si\u0119 do popularyzacji wiedzy o zabytkach i metodach ich bada\u0144. Projekt ma du\u017ce znaczenie dla rozwoju nauki o sztuce oraz dla ochrony dziedzictwa kulturowego, poniewa\u017c mo\u017ce ujawni\u0107 nowe informacje dotycz\u0105ce warsztat\u00f3w malarskich i wp\u0142yw\u00f3w niderlandzkich w sztuce ma\u0142opolskiej.<\/p>\n<div id=\"attachment_3231\" style=\"width: 233px\" class=\"wp-caption alignnone\"><img aria-describedby=\"caption-attachment-3231\" decoding=\"async\" loading=\"lazy\" class=\"size-medium wp-image-3231\" src=\"https:\/\/www.e-rihs.pl\/wp-content\/uploads\/2025\/12\/oplakiwanie-Chrystusa-2-223x300.png\" alt=\"\" width=\"223\" height=\"300\" srcset=\"https:\/\/www.e-rihs.pl\/wp-content\/uploads\/2025\/12\/oplakiwanie-Chrystusa-2-223x300.png 223w, https:\/\/www.e-rihs.pl\/wp-content\/uploads\/2025\/12\/oplakiwanie-Chrystusa-2.png 402w\" sizes=\"(max-width: 223px) 100vw, 223px\" \/><p id=\"caption-attachment-3231\" class=\"wp-caption-text\">Op\u0142akiwanie Chrystusa, obraz na podobraziu drewnianym, XVI w. (?), pochodzenie: Por\u0105bka Uszewska, obecnie: Muzeum Diecezjalne w Tarnowie. Fot. M. Potrawiak<\/p><\/div>\n","protected":false},"excerpt":{"rendered":"<p>Badania technologiczne obrazu \u201cOp\u0142akiwanie Chrystusa\u201d z Por\u0105bki Uszewskiej, z kolekcji Muzeum Diecezjalnego w Tarnowie. Rozpoznanie stanu zachowania, historii obiektu oraz zakresu p\u00f3\u017aniejszych przekszta\u0142ce\u0144 Projekt badawczy dotyczy obrazu \u201eOp\u0142akiwanie Chrystusa\u201d, pochodz\u0105cego z parafii w Por\u0105bce Uszewskiej, obecnie nale\u017c\u0105cego do kolekcji\u00a0 Muzeum &hellip; <a href=\"https:\/\/www.e-rihs.pl\/index.php\/10ty-nabor-wnioskow-oplakiwanie-chrystusa\/\">Czytaj dalej <span class=\"meta-nav\">&rarr;<\/span><\/a><\/p>\n","protected":false},"author":1,"featured_media":0,"parent":0,"menu_order":0,"comment_status":"closed","ping_status":"closed","template":"","meta":[],"_links":{"self":[{"href":"https:\/\/www.e-rihs.pl\/index.php\/wp-json\/wp\/v2\/pages\/3230"}],"collection":[{"href":"https:\/\/www.e-rihs.pl\/index.php\/wp-json\/wp\/v2\/pages"}],"about":[{"href":"https:\/\/www.e-rihs.pl\/index.php\/wp-json\/wp\/v2\/types\/page"}],"author":[{"embeddable":true,"href":"https:\/\/www.e-rihs.pl\/index.php\/wp-json\/wp\/v2\/users\/1"}],"replies":[{"embeddable":true,"href":"https:\/\/www.e-rihs.pl\/index.php\/wp-json\/wp\/v2\/comments?post=3230"}],"version-history":[{"count":1,"href":"https:\/\/www.e-rihs.pl\/index.php\/wp-json\/wp\/v2\/pages\/3230\/revisions"}],"predecessor-version":[{"id":3232,"href":"https:\/\/www.e-rihs.pl\/index.php\/wp-json\/wp\/v2\/pages\/3230\/revisions\/3232"}],"wp:attachment":[{"href":"https:\/\/www.e-rihs.pl\/index.php\/wp-json\/wp\/v2\/media?parent=3230"}],"curies":[{"name":"wp","href":"https:\/\/api.w.org\/{rel}","templated":true}]}}