{"id":3234,"date":"2025-12-04T12:41:13","date_gmt":"2025-12-04T12:41:13","guid":{"rendered":"https:\/\/www.e-rihs.pl\/?page_id=3234"},"modified":"2025-12-04T12:42:26","modified_gmt":"2025-12-04T12:42:26","slug":"10-nabor-wnioskow-sw-ignacy-loyola-i-sw-franciszek-ksawery","status":"publish","type":"page","link":"https:\/\/www.e-rihs.pl\/index.php\/10-nabor-wnioskow-sw-ignacy-loyola-i-sw-franciszek-ksawery\/","title":{"rendered":"10ty nab\u00f3r wniosk\u00f3w: \u015aw. Ignacy Loyola i \u015aw. Franciszek Ksawery"},"content":{"rendered":"<h2 style=\"text-align: center;\"><strong>Badania konserwatorskie rze\u017ab: \u015bw. Franciszek Ksawery oraz \u015bw. Ignacy Loyola z elewacji ko\u015bcio\u0142a p.w. WNMP w Nysie<\/strong><\/h2>\n<p style=\"text-align: justify;\">Celem projektu jest pozyskanie jak najwi\u0119cej informacji na temat techniki i technologii wykonania badanych zabytk\u00f3w. W celach projektu b\u0119d\u0105 wi\u0119c szczeg\u00f3\u0142owe badanie materia\u0142\u00f3w z jakich wykonano rze\u017aby , okre\u015blenie techniki modelowania blachy miedzianej oraz sk\u0142ad nawarstwie\u0144 barwnych na powierzchni rze\u017ab. Badania te b\u0119d\u0105 jedne z prekursorskich i wnios\u0105 nowe \u015bwiat\u0142o w kwestii informacji\u00a0 na temat warsztat\u00f3w XVII\\XVIII wiecznych zajmuj\u0105cych si\u0119 wykonawstwem rze\u017ab elewacyjnych.<\/p>\n<div id=\"attachment_3237\" style=\"width: 310px\" class=\"wp-caption alignnone\"><img aria-describedby=\"caption-attachment-3237\" decoding=\"async\" loading=\"lazy\" class=\"size-medium wp-image-3237\" src=\"https:\/\/www.e-rihs.pl\/wp-content\/uploads\/2025\/12\/Sw-Franciszek-Ksawery-i-Sw-Ignavcy-Loyola-300x270.png\" alt=\"\" width=\"300\" height=\"270\" srcset=\"https:\/\/www.e-rihs.pl\/wp-content\/uploads\/2025\/12\/Sw-Franciszek-Ksawery-i-Sw-Ignavcy-Loyola-300x270.png 300w, https:\/\/www.e-rihs.pl\/wp-content\/uploads\/2025\/12\/Sw-Franciszek-Ksawery-i-Sw-Ignavcy-Loyola-1024x920.png 1024w, https:\/\/www.e-rihs.pl\/wp-content\/uploads\/2025\/12\/Sw-Franciszek-Ksawery-i-Sw-Ignavcy-Loyola-768x690.png 768w, https:\/\/www.e-rihs.pl\/wp-content\/uploads\/2025\/12\/Sw-Franciszek-Ksawery-i-Sw-Ignavcy-Loyola-1536x1381.png 1536w, https:\/\/www.e-rihs.pl\/wp-content\/uploads\/2025\/12\/Sw-Franciszek-Ksawery-i-Sw-Ignavcy-Loyola-2048x1841.png 2048w, https:\/\/www.e-rihs.pl\/wp-content\/uploads\/2025\/12\/Sw-Franciszek-Ksawery-i-Sw-Ignavcy-Loyola-334x300.png 334w\" sizes=\"(max-width: 300px) 100vw, 300px\" \/><p id=\"caption-attachment-3237\" class=\"wp-caption-text\">Sw Franciszek Ksawery i Sw Ignacy Loyola z ko\u015bcio\u0142a pw <span class=\"mw-page-title-main\">Wniebowzi\u0119cia Naj\u015bwi\u0119tszej Marii Panny w Nysie<\/span><\/p><\/div>\n","protected":false},"excerpt":{"rendered":"<p>Badania konserwatorskie rze\u017ab: \u015bw. Franciszek Ksawery oraz \u015bw. Ignacy Loyola z elewacji ko\u015bcio\u0142a p.w. WNMP w Nysie Celem projektu jest pozyskanie jak najwi\u0119cej informacji na temat techniki i technologii wykonania badanych zabytk\u00f3w. W celach projektu b\u0119d\u0105 wi\u0119c szczeg\u00f3\u0142owe badanie materia\u0142\u00f3w &hellip; <a href=\"https:\/\/www.e-rihs.pl\/index.php\/10-nabor-wnioskow-sw-ignacy-loyola-i-sw-franciszek-ksawery\/\">Czytaj dalej <span class=\"meta-nav\">&rarr;<\/span><\/a><\/p>\n","protected":false},"author":1,"featured_media":0,"parent":0,"menu_order":0,"comment_status":"closed","ping_status":"closed","template":"","meta":[],"_links":{"self":[{"href":"https:\/\/www.e-rihs.pl\/index.php\/wp-json\/wp\/v2\/pages\/3234"}],"collection":[{"href":"https:\/\/www.e-rihs.pl\/index.php\/wp-json\/wp\/v2\/pages"}],"about":[{"href":"https:\/\/www.e-rihs.pl\/index.php\/wp-json\/wp\/v2\/types\/page"}],"author":[{"embeddable":true,"href":"https:\/\/www.e-rihs.pl\/index.php\/wp-json\/wp\/v2\/users\/1"}],"replies":[{"embeddable":true,"href":"https:\/\/www.e-rihs.pl\/index.php\/wp-json\/wp\/v2\/comments?post=3234"}],"version-history":[{"count":2,"href":"https:\/\/www.e-rihs.pl\/index.php\/wp-json\/wp\/v2\/pages\/3234\/revisions"}],"predecessor-version":[{"id":3239,"href":"https:\/\/www.e-rihs.pl\/index.php\/wp-json\/wp\/v2\/pages\/3234\/revisions\/3239"}],"wp:attachment":[{"href":"https:\/\/www.e-rihs.pl\/index.php\/wp-json\/wp\/v2\/media?parent=3234"}],"curies":[{"name":"wp","href":"https:\/\/api.w.org\/{rel}","templated":true}]}}