{"id":3245,"date":"2025-12-04T13:16:18","date_gmt":"2025-12-04T13:16:18","guid":{"rendered":"https:\/\/www.e-rihs.pl\/?page_id=3245"},"modified":"2025-12-04T13:16:18","modified_gmt":"2025-12-04T13:16:18","slug":"10ty-nabor-wnioskow-streng","status":"publish","type":"page","link":"https:\/\/www.e-rihs.pl\/index.php\/10ty-nabor-wnioskow-streng\/","title":{"rendered":"10ty nab\u00f3r wniosk\u00f3w: Streng"},"content":{"rendered":"<h2 style=\"text-align: center;\">STENG &#8211; badania obrazu &#8222;Fryzjer&#8221; Marka W\u0142odarskiego, w\u0142a\u015bc. Henryka Strenga<\/h2>\n<p style=\"text-align: justify;\">Autorem obrazu, kt\u00f3ry jest wytypowany do bada\u0144 jest Marek W\u0142odarski, tytu\u0142 obrazu &#8211; \u201eFryzjer\u201d, dzie\u0142o jest datowane i sygnowane , pochodzi z 1925 roku. Jest to jedno z wa\u017cniejszych dzie\u0142 w kolekcji Muzeum Sztuki w \u0141odzi.<\/p>\n<p style=\"text-align: justify;\">Marek W\u0142odarski, w\u0142a\u015bc. Henryk Streng (ur. 17 kwietnia 1903 we Lwowie, zm. 23 maja 1960 w Warszawie \u2013 polski artysta malarz pochodzenia \u017cydowskiego. Studia malarskie rozpocz\u0105\u0142 1920 w Wolnej Akademii Sztuk Pi\u0119knych we Lwowie, kontynuowa\u0142 1922\u20131924 w <a href=\"https:\/\/pl.wikipedia.org\/wiki\/Lwowski_Pa%C5%84stwowy_Instytut_Sztuki_Dekoracyjnej_i_Stosowanej_im._Iwana_Trusza\">Pa\u0144stwowej Szkole Przemys\u0142owej we Lwowie<\/a> w pracowni <a href=\"https:\/\/pl.wikipedia.org\/wiki\/Kazimierz_Sichulski\">Kazimierza Sichulskiego<\/a>. (..) W 1924 wyjecha\u0142 do Pary\u017ca, gdzie kszta\u0142ci\u0142 si\u0119 w ci\u0105gu 6 miesi\u0119cy w pracowni <a href=\"https:\/\/pl.wikipedia.org\/wiki\/Fernand_L%C3%A9ger\">Fernanda L\u00e9gera<\/a>. Spotka\u0142 si\u0119 tam z przyw\u00f3dc\u0105 surrealist\u00f3w <a href=\"https:\/\/pl.wikipedia.org\/wiki\/Andr%C3%A9_Breton\">Andr\u00e9 Bretonem<\/a> oraz z <a href=\"https:\/\/pl.wikipedia.org\/wiki\/Andr%C3%A9_Masson\">Andr\u00e9 Massonem<\/a>.<sup>. <\/sup>W tw\u00f3rczo\u015bci Marka W\u0142odarskiego widoczne s\u0105 wp\u0142ywy L\u00e9gera i <a href=\"https:\/\/pl.wikipedia.org\/wiki\/Marc_Chagall\">Chagalla<\/a><a href=\"https:\/\/pl.wikipedia.org\/wiki\/Marek_W%C5%82odarski#cite_note-culture-1\"><sup>.<\/sup><\/a><sup>.<\/sup> Od 1956 profesorem Akademii Sztuk Pi\u0119knych w Warszawie.<\/p>\n<p style=\"text-align: justify;\">Obraz W\u0142odarskiego Fryzjer jest namalowany na papierze, kt\u00f3ry jest naklejony na p\u0142\u00f3tno, kt\u00f3re z kolei\u00a0 zdublowane jest na drugie p\u0142\u00f3tno na mas\u0119 woskowo-\u017cywiczn\u0105. Ten stan rzeczy jest przyczyn\u0105 widocznych na fotografiach zniszcze\u0144 \u2013 p\u0119cherzy warstwy malarskiej. Ka\u017cda z wy\u017cej wymienionych warstw inaczej reaguje na zmiany wilgotno\u015bci i temperatury powietrza, w d\u0142u\u017cszym przedziale czasu. Ca\u0142o\u015b\u0107 \u2013 technika orygina\u0142u oraz p\u00f3\u017aniejsza konserwacja stanowi nietypowe rozwi\u0105zanie technologiczne. P\u0119cherze wyst\u0119puj\u0105 niemal na ca\u0142ej powierzchni kompozycji. Co charakterystyczne obraz ten ma niewiele klasycznych sp\u0119ka\u0144 warstwy malarskiej. Na podstawie obserwacji obiektu w \u015bwietle widzialnym, szczeg\u00f3lnie bocznym mo\u017cna przypuszcza\u0107, \u017ce warstwa malarska ca\u0142ej kompozycji obrazu umieszczona jest na papierze, kt\u00f3ry jest naklejony na p\u0142\u00f3tno. Jest to raczej rzadko spotykana technika. Olejna warstwa malarska jest k\u0142adziona w stosunkowo grubej warstwie. Oczywi\u015bcie, \u017ceby pozna\u0107 obiekt i mie\u0107 100 % pewno\u015b\u0107 jego budowy trzeba przeprowadzi\u0107 badania technologiczne (makro XRF, RTG, obserwacje w podczerwieni i UV oraz analiza pobranych z krajek pr\u00f3bek do stratygrafii i identyfikacji spoiw).<\/p>\n<p style=\"text-align: justify;\">Celem bada\u0144 jest dok\u0142adne poznanie techniki i technologii obiektu tak, \u017ceby m\u00f3c jak najlepiej przygotowa\u0107 si\u0119 do przeprowadzenia zabieg\u00f3w konserwatorskich planowanych w przysz\u0142o\u015bci.<\/p>\n<div id=\"attachment_3246\" style=\"width: 276px\" class=\"wp-caption alignnone\"><img aria-describedby=\"caption-attachment-3246\" decoding=\"async\" loading=\"lazy\" class=\"size-medium wp-image-3246\" src=\"https:\/\/www.e-rihs.pl\/wp-content\/uploads\/2025\/12\/Streng-266x300.jpg\" alt=\"\" width=\"266\" height=\"300\" srcset=\"https:\/\/www.e-rihs.pl\/wp-content\/uploads\/2025\/12\/Streng-266x300.jpg 266w, https:\/\/www.e-rihs.pl\/wp-content\/uploads\/2025\/12\/Streng-908x1024.jpg 908w, https:\/\/www.e-rihs.pl\/wp-content\/uploads\/2025\/12\/Streng-768x866.jpg 768w, https:\/\/www.e-rihs.pl\/wp-content\/uploads\/2025\/12\/Streng-1362x1536.jpg 1362w, https:\/\/www.e-rihs.pl\/wp-content\/uploads\/2025\/12\/Streng.jpg 1646w\" sizes=\"(max-width: 266px) 100vw, 266px\" \/><p id=\"caption-attachment-3246\" class=\"wp-caption-text\">&#8222;Fryzjer&#8221; &#8211; obraz olejny na p\u0142\u00f3tnie, autor Marek W\u0142odarski, w\u0142a\u015bc. Henryk Streng. Fot. Tatiana Matwij<\/p><\/div>\n","protected":false},"excerpt":{"rendered":"<p>STENG &#8211; badania obrazu &#8222;Fryzjer&#8221; Marka W\u0142odarskiego, w\u0142a\u015bc. Henryka Strenga Autorem obrazu, kt\u00f3ry jest wytypowany do bada\u0144 jest Marek W\u0142odarski, tytu\u0142 obrazu &#8211; \u201eFryzjer\u201d, dzie\u0142o jest datowane i sygnowane , pochodzi z 1925 roku. Jest to jedno z wa\u017cniejszych dzie\u0142 &hellip; <a href=\"https:\/\/www.e-rihs.pl\/index.php\/10ty-nabor-wnioskow-streng\/\">Czytaj dalej <span class=\"meta-nav\">&rarr;<\/span><\/a><\/p>\n","protected":false},"author":1,"featured_media":0,"parent":0,"menu_order":0,"comment_status":"closed","ping_status":"closed","template":"","meta":[],"_links":{"self":[{"href":"https:\/\/www.e-rihs.pl\/index.php\/wp-json\/wp\/v2\/pages\/3245"}],"collection":[{"href":"https:\/\/www.e-rihs.pl\/index.php\/wp-json\/wp\/v2\/pages"}],"about":[{"href":"https:\/\/www.e-rihs.pl\/index.php\/wp-json\/wp\/v2\/types\/page"}],"author":[{"embeddable":true,"href":"https:\/\/www.e-rihs.pl\/index.php\/wp-json\/wp\/v2\/users\/1"}],"replies":[{"embeddable":true,"href":"https:\/\/www.e-rihs.pl\/index.php\/wp-json\/wp\/v2\/comments?post=3245"}],"version-history":[{"count":1,"href":"https:\/\/www.e-rihs.pl\/index.php\/wp-json\/wp\/v2\/pages\/3245\/revisions"}],"predecessor-version":[{"id":3247,"href":"https:\/\/www.e-rihs.pl\/index.php\/wp-json\/wp\/v2\/pages\/3245\/revisions\/3247"}],"wp:attachment":[{"href":"https:\/\/www.e-rihs.pl\/index.php\/wp-json\/wp\/v2\/media?parent=3245"}],"curies":[{"name":"wp","href":"https:\/\/api.w.org\/{rel}","templated":true}]}}