{"id":3254,"date":"2025-12-04T13:26:44","date_gmt":"2025-12-04T13:26:44","guid":{"rendered":"https:\/\/www.e-rihs.pl\/?page_id=3254"},"modified":"2025-12-04T13:26:44","modified_gmt":"2025-12-04T13:26:44","slug":"10ty-nabor-wnioskow-wlocznie-z-lednicy","status":"publish","type":"page","link":"https:\/\/www.e-rihs.pl\/index.php\/10ty-nabor-wnioskow-wlocznie-z-lednicy\/","title":{"rendered":"10ty nab\u00f3r wniosk\u00f3w: w\u0142\u00f3cznie z Lednicy"},"content":{"rendered":"<p style=\"text-align: justify;\">Celem projektu jest szczeg\u00f3\u0142owa analiza budowy oraz sk\u0142adu materia\u0142owego czterech wczesno\u015bredniowiecznych w\u0142\u00f3czni (W1\/2025, W3\/2025, W5\/2025, W6\/2025) wydobytych w 2025 roku z jeziora Lednica, w rejonie Ostrowa Lednickiego przez zesp\u00f3\u0142 archeolog\u00f3w z Centrum Archeologii Podwodnej UMK w Toruniu. Artefakty datowane s\u0105 na okres od po\u0142owy X do po\u0142owy XI wieku. W\u0142\u00f3cznie r\u00f3\u017cni\u0105 si\u0119 form\u0105 i zdobieniem grot\u00f3w, a niekt\u00f3re zachowa\u0142y fragmenty drzewca. Wi\u0119kszo\u015b\u0107 wykonano z \u017celaza, jedna wyr\u00f3\u017cnia si\u0119 bogat\u0105 ornamentyk\u0105. Obiekty pokryte s\u0105 nalotami korozyjnymi i wapiennymi. W pierwszym etapie planowane jest zastosowanie makrofluorescencji rentgenowskiej w celu identyfikacji sk\u0142adu pierwiastkowego oraz mapowania zdobie\u0144 przez warstw\u0119 wapnia. Nast\u0119pnie przeprowadzona zostanie rentgenowska tomografia komputerowa, umo\u017cliwiaj\u0105ca analiz\u0119 struktury wewn\u0119trznej, w tym tulei, oraz ocen\u0119 g\u0142\u0119boko\u015bci i zakresu inkrustacji dw\u00f3ch wybranych egzemplarzy. Uzyskane dane pos\u0142u\u017c\u0105 do opracowania optymalnych metod konserwacji i restauracji, a tak\u017ce stanowi\u0107 b\u0119d\u0105 podstaw\u0119 publikacji w uznanych czasopismach naukowych.<\/p>\n<div id=\"attachment_3255\" style=\"width: 310px\" class=\"wp-caption alignnone\"><img aria-describedby=\"caption-attachment-3255\" decoding=\"async\" loading=\"lazy\" class=\"size-medium wp-image-3255\" src=\"https:\/\/www.e-rihs.pl\/wp-content\/uploads\/2025\/12\/wloczna-3-300x169.jpg\" alt=\"\" width=\"300\" height=\"169\" srcset=\"https:\/\/www.e-rihs.pl\/wp-content\/uploads\/2025\/12\/wloczna-3-300x169.jpg 300w, https:\/\/www.e-rihs.pl\/wp-content\/uploads\/2025\/12\/wloczna-3-1024x576.jpg 1024w, https:\/\/www.e-rihs.pl\/wp-content\/uploads\/2025\/12\/wloczna-3-768x432.jpg 768w, https:\/\/www.e-rihs.pl\/wp-content\/uploads\/2025\/12\/wloczna-3-500x281.jpg 500w, https:\/\/www.e-rihs.pl\/wp-content\/uploads\/2025\/12\/wloczna-3.jpg 1386w\" sizes=\"(max-width: 300px) 100vw, 300px\" \/><p id=\"caption-attachment-3255\" class=\"wp-caption-text\">W\u0142\u00f3cznia W3\/2025 (fot. M. Popek).<\/p><\/div>\n","protected":false},"excerpt":{"rendered":"<p>Celem projektu jest szczeg\u00f3\u0142owa analiza budowy oraz sk\u0142adu materia\u0142owego czterech wczesno\u015bredniowiecznych w\u0142\u00f3czni (W1\/2025, W3\/2025, W5\/2025, W6\/2025) wydobytych w 2025 roku z jeziora Lednica, w rejonie Ostrowa Lednickiego przez zesp\u00f3\u0142 archeolog\u00f3w z Centrum Archeologii Podwodnej UMK w Toruniu. Artefakty datowane s\u0105 &hellip; <a href=\"https:\/\/www.e-rihs.pl\/index.php\/10ty-nabor-wnioskow-wlocznie-z-lednicy\/\">Czytaj dalej <span class=\"meta-nav\">&rarr;<\/span><\/a><\/p>\n","protected":false},"author":1,"featured_media":0,"parent":0,"menu_order":0,"comment_status":"closed","ping_status":"closed","template":"","meta":[],"_links":{"self":[{"href":"https:\/\/www.e-rihs.pl\/index.php\/wp-json\/wp\/v2\/pages\/3254"}],"collection":[{"href":"https:\/\/www.e-rihs.pl\/index.php\/wp-json\/wp\/v2\/pages"}],"about":[{"href":"https:\/\/www.e-rihs.pl\/index.php\/wp-json\/wp\/v2\/types\/page"}],"author":[{"embeddable":true,"href":"https:\/\/www.e-rihs.pl\/index.php\/wp-json\/wp\/v2\/users\/1"}],"replies":[{"embeddable":true,"href":"https:\/\/www.e-rihs.pl\/index.php\/wp-json\/wp\/v2\/comments?post=3254"}],"version-history":[{"count":1,"href":"https:\/\/www.e-rihs.pl\/index.php\/wp-json\/wp\/v2\/pages\/3254\/revisions"}],"predecessor-version":[{"id":3256,"href":"https:\/\/www.e-rihs.pl\/index.php\/wp-json\/wp\/v2\/pages\/3254\/revisions\/3256"}],"wp:attachment":[{"href":"https:\/\/www.e-rihs.pl\/index.php\/wp-json\/wp\/v2\/media?parent=3254"}],"curies":[{"name":"wp","href":"https:\/\/api.w.org\/{rel}","templated":true}]}}