{"id":3257,"date":"2025-12-04T13:34:11","date_gmt":"2025-12-04T13:34:11","guid":{"rendered":"https:\/\/www.e-rihs.pl\/?page_id=3257"},"modified":"2025-12-04T13:34:11","modified_gmt":"2025-12-04T13:34:11","slug":"10ty-nabor-wnioskow-chrystus-w-majestacie","status":"publish","type":"page","link":"https:\/\/www.e-rihs.pl\/index.php\/10ty-nabor-wnioskow-chrystus-w-majestacie\/","title":{"rendered":"10ty nab\u00f3r wniosk\u00f3w: Chrystus w Majestacie"},"content":{"rendered":"<h2 style=\"text-align: center;\">Badania technologiczne ikony <em>\u201eChrystus w Majestacie\u201d<\/em> z drugiej po\u0142owy XVI wieku, przypisywanej warsztatowi Mistrza Ikony Deesis z Bartnego, w celu rozpoznania specyfiki technologiczno-warsztatowej.<\/h2>\n<p style=\"text-align: justify;\">Celem projektu jest rozpoznanie techniki i technologii Ikony \u201eChrystus w Majestacie\u201d z II po\u0142. XVI w, przypisywanej warsztatowi Mistrza Ikony Deesis z Bartnego.<\/p>\n<p style=\"text-align: justify;\">Znane s\u0105 a\u017c trzy ikony przedstawiaj\u0105ce ten sam wizerunek, kt\u00f3re s\u0105 przypisywane warsztatowi Mistrza Ikony Deesis z Bartnego (zwanego tak\u017ce Mistrzem z Jab\u0142onowej). Przeprowadzenie pog\u0142\u0119bionych bada\u0144 analitycznych warstw technologicznych tych ikon mog\u0142oby umo\u017cliwi\u0107 identyfikacj\u0119 charakterystycznych cech stylu oraz specyfiki warsztatu tego tw\u00f3rcy.<\/p>\n<p>Do grupy tych dzie\u0142 zalicza si\u0119:<\/p>\n<ol>\n<li style=\"text-align: justify;\">opisywan\u0105 ikon\u0119 z Muzeum Ikon w Supra\u015blu,<\/li>\n<li style=\"text-align: justify;\">ikon\u0119 \u201eChrystus Pantokrator w Majestacie\u201d z Surowicy, znajduj\u0105c\u0105 si\u0119 w kolekcji Muzeum Historycznego w Sanoku<\/li>\n<li style=\"text-align: justify;\">ikon\u0119 \u201eChrystus Pantokrator w Majestacie<strong>\u201d<\/strong> ze Szklar, obecn\u0105 w kolekcji Muzeum Narodowego we Lwowie.<\/li>\n<\/ol>\n<p style=\"text-align: justify;\">Wszystkie te przedstawienia wyr\u00f3\u017cniaj\u0105 si\u0119 wysokim poziomem artystycznym i maj\u0105 wsp\u00f3lne cechy stylistyczne i technologiczne.<\/p>\n<div id=\"attachment_3258\" style=\"width: 191px\" class=\"wp-caption alignnone\"><img aria-describedby=\"caption-attachment-3258\" decoding=\"async\" loading=\"lazy\" class=\"size-medium wp-image-3258\" src=\"https:\/\/www.e-rihs.pl\/wp-content\/uploads\/2025\/12\/Chrystus-w-majestacie-181x300.jpg\" alt=\"\" width=\"181\" height=\"300\" srcset=\"https:\/\/www.e-rihs.pl\/wp-content\/uploads\/2025\/12\/Chrystus-w-majestacie-181x300.jpg 181w, https:\/\/www.e-rihs.pl\/wp-content\/uploads\/2025\/12\/Chrystus-w-majestacie-617x1024.jpg 617w, https:\/\/www.e-rihs.pl\/wp-content\/uploads\/2025\/12\/Chrystus-w-majestacie-768x1274.jpg 768w, https:\/\/www.e-rihs.pl\/wp-content\/uploads\/2025\/12\/Chrystus-w-majestacie-926x1536.jpg 926w, https:\/\/www.e-rihs.pl\/wp-content\/uploads\/2025\/12\/Chrystus-w-majestacie.jpg 1048w\" sizes=\"(max-width: 181px) 100vw, 181px\" \/><p id=\"caption-attachment-3258\" class=\"wp-caption-text\">Ikona \u201eChrystus w Majestacie\u201d Fot. Marcin Petrus<\/p><\/div>\n<p style=\"text-align: justify;\">Pomimo istnienia stosunkowo licznej grupy ikon przypisywanych temu warsztatowi, tylko nieliczne z nich zosta\u0142y dotychczas poddane badaniom technologicznym. Dlatego szczeg\u00f3\u0142owe badania techniczne i technologiczne omawianej ikony mog\u0142yby wnie\u015b\u0107 istotny wk\u0142ad w rozpoznanie specyfiki warsztatu Mistrza Ikony Deesis z Bartnego oraz pom\u00f3c w przysz\u0142ych atrybucjach innych ikon z tego kr\u0119gu.<\/p>\n","protected":false},"excerpt":{"rendered":"<p>Badania technologiczne ikony \u201eChrystus w Majestacie\u201d z drugiej po\u0142owy XVI wieku, przypisywanej warsztatowi Mistrza Ikony Deesis z Bartnego, w celu rozpoznania specyfiki technologiczno-warsztatowej. Celem projektu jest rozpoznanie techniki i technologii Ikony \u201eChrystus w Majestacie\u201d z II po\u0142. XVI w, przypisywanej &hellip; <a href=\"https:\/\/www.e-rihs.pl\/index.php\/10ty-nabor-wnioskow-chrystus-w-majestacie\/\">Czytaj dalej <span class=\"meta-nav\">&rarr;<\/span><\/a><\/p>\n","protected":false},"author":1,"featured_media":0,"parent":0,"menu_order":0,"comment_status":"closed","ping_status":"closed","template":"","meta":[],"_links":{"self":[{"href":"https:\/\/www.e-rihs.pl\/index.php\/wp-json\/wp\/v2\/pages\/3257"}],"collection":[{"href":"https:\/\/www.e-rihs.pl\/index.php\/wp-json\/wp\/v2\/pages"}],"about":[{"href":"https:\/\/www.e-rihs.pl\/index.php\/wp-json\/wp\/v2\/types\/page"}],"author":[{"embeddable":true,"href":"https:\/\/www.e-rihs.pl\/index.php\/wp-json\/wp\/v2\/users\/1"}],"replies":[{"embeddable":true,"href":"https:\/\/www.e-rihs.pl\/index.php\/wp-json\/wp\/v2\/comments?post=3257"}],"version-history":[{"count":1,"href":"https:\/\/www.e-rihs.pl\/index.php\/wp-json\/wp\/v2\/pages\/3257\/revisions"}],"predecessor-version":[{"id":3259,"href":"https:\/\/www.e-rihs.pl\/index.php\/wp-json\/wp\/v2\/pages\/3257\/revisions\/3259"}],"wp:attachment":[{"href":"https:\/\/www.e-rihs.pl\/index.php\/wp-json\/wp\/v2\/media?parent=3257"}],"curies":[{"name":"wp","href":"https:\/\/api.w.org\/{rel}","templated":true}]}}