{"id":3266,"date":"2025-12-04T14:04:06","date_gmt":"2025-12-04T14:04:06","guid":{"rendered":"https:\/\/www.e-rihs.pl\/?page_id=3266"},"modified":"2025-12-04T14:04:06","modified_gmt":"2025-12-04T14:04:06","slug":"10ty-nabor-projektow-tancerka","status":"publish","type":"page","link":"https:\/\/www.e-rihs.pl\/index.php\/10ty-nabor-projektow-tancerka\/","title":{"rendered":"10ty nab\u00f3r projekt\u00f3w: Tancerka"},"content":{"rendered":"<h2 style=\"text-align: center;\"><strong>Badania fizyczne rze\u017aby wsp\u00f3\u0142czesnej \u2013 prewencja w przechowywaniu.<\/strong><\/h2>\n<p style=\"text-align: justify;\">Rze\u017aba pozostaje w zbiorach muzeum od 1975 roku. Jest to obiekt kompozytowy, w kt\u00f3rym artystka zestawi\u0142a r\u00f3\u017cne materia\u0142y jej wsp\u00f3\u0142czesne. Przedstawia smuk\u0142\u0105 posta\u0107, zastyg\u0142ej w tanecznym ge\u015bcie kobiety w d\u0142ugiej, do\u015b\u0107 masywnej sp\u00f3dnicy. Szkielet konstrukcyjny stanowi najprawdopodobniej stalowy drut opleciony (miejscowo?) drucikiem miedzianym. Korpus wykonano z tworzywa sztucznego \u2013 uplastycznionego poli(chlorku winylu). Osadzony jest w podstawie, najprawdopodobniej odlanej lub formowanej \u201cz r\u0119ki\u201d z gipsu, pokrytej warstw\u0105 malarsk\u0105 i miejscowo materia\u0142em, kt\u00f3rego u\u017cyto do wykonania korpusu.<\/p>\n<div id=\"attachment_3267\" style=\"width: 310px\" class=\"wp-caption alignnone\"><img aria-describedby=\"caption-attachment-3267\" decoding=\"async\" loading=\"lazy\" class=\"size-medium wp-image-3267\" src=\"https:\/\/www.e-rihs.pl\/wp-content\/uploads\/2025\/12\/Tancerka-300x225.jpg\" alt=\"\" width=\"300\" height=\"225\" srcset=\"https:\/\/www.e-rihs.pl\/wp-content\/uploads\/2025\/12\/Tancerka-300x225.jpg 300w, https:\/\/www.e-rihs.pl\/wp-content\/uploads\/2025\/12\/Tancerka-1024x768.jpg 1024w, https:\/\/www.e-rihs.pl\/wp-content\/uploads\/2025\/12\/Tancerka-768x576.jpg 768w, https:\/\/www.e-rihs.pl\/wp-content\/uploads\/2025\/12\/Tancerka-1536x1152.jpg 1536w, https:\/\/www.e-rihs.pl\/wp-content\/uploads\/2025\/12\/Tancerka-2048x1536.jpg 2048w, https:\/\/www.e-rihs.pl\/wp-content\/uploads\/2025\/12\/Tancerka-400x300.jpg 400w\" sizes=\"(max-width: 300px) 100vw, 300px\" \/><p id=\"caption-attachment-3267\" class=\"wp-caption-text\">Tancerka. Fantasie-Improptu F. Chopina; Fot. W. Kielichowski\/NIFC<\/p><\/div>\n<p style=\"text-align: justify;\">Obiekt by\u0142 konserwowany co najmniej dwukrotnie: w 1990 roku przez sam\u0105 artystk\u0119 oraz w latach 2021-23 w ramach przygotowa\u0144 do wystaw czasowych.<\/p>\n<p style=\"text-align: justify;\">Podczas ostatnich prac konserwatorskich wykonano jeden pomiar FTiR pr\u00f3bki z korpusu oraz identyfikacj\u0119 gipsu metod\u0105 kroplow\u0105. Obiekt nie zosta\u0142 zbadany w \u015bwiat\u0142ach analitycznych, a obserwacje w ramach prac konserwatorskich da\u0142y pewne tezy badawcze.<\/p>\n<p style=\"text-align: justify;\">Ciekawym zagadnieniem jest te\u017c ewentualna pr\u00f3ba rozr\u00f3\u017cnienia wt\u00f3rnych ingerencji od orygina\u0142u. W\u00f3wczas, w ramach prewencji dalszych zniszcze\u0144 mechanicznych, zosta\u0142o wykonane pud\u0142o transportowe, kt\u00f3re s\u0142u\u017cy do przechowywania obiektu. W ramach u\u017cytkowania, okaza\u0142o si\u0119, \u017ce aktualne rozwi\u0105zanie jest trudne w obs\u0142udze i mo\u017ce powodowa\u0107 napr\u0119\u017cenia poszczeg\u00f3lnych cz\u0119\u015bci obiektu. By\u0107 mo\u017ce skanowanie 3D rze\u017aby mog\u0142oby pos\u0142u\u017cy\u0107 do okre\u015blenia aktualnego stanu zachowania, wykonania negatywu i w dalszej kolejno\u015bci wykonania g\u0105bek do wn\u0119trza pud\u0142a.<\/p>\n","protected":false},"excerpt":{"rendered":"<p>Badania fizyczne rze\u017aby wsp\u00f3\u0142czesnej \u2013 prewencja w przechowywaniu. Rze\u017aba pozostaje w zbiorach muzeum od 1975 roku. Jest to obiekt kompozytowy, w kt\u00f3rym artystka zestawi\u0142a r\u00f3\u017cne materia\u0142y jej wsp\u00f3\u0142czesne. Przedstawia smuk\u0142\u0105 posta\u0107, zastyg\u0142ej w tanecznym ge\u015bcie kobiety w d\u0142ugiej, do\u015b\u0107 masywnej &hellip; <a href=\"https:\/\/www.e-rihs.pl\/index.php\/10ty-nabor-projektow-tancerka\/\">Czytaj dalej <span class=\"meta-nav\">&rarr;<\/span><\/a><\/p>\n","protected":false},"author":1,"featured_media":0,"parent":0,"menu_order":0,"comment_status":"closed","ping_status":"closed","template":"","meta":[],"_links":{"self":[{"href":"https:\/\/www.e-rihs.pl\/index.php\/wp-json\/wp\/v2\/pages\/3266"}],"collection":[{"href":"https:\/\/www.e-rihs.pl\/index.php\/wp-json\/wp\/v2\/pages"}],"about":[{"href":"https:\/\/www.e-rihs.pl\/index.php\/wp-json\/wp\/v2\/types\/page"}],"author":[{"embeddable":true,"href":"https:\/\/www.e-rihs.pl\/index.php\/wp-json\/wp\/v2\/users\/1"}],"replies":[{"embeddable":true,"href":"https:\/\/www.e-rihs.pl\/index.php\/wp-json\/wp\/v2\/comments?post=3266"}],"version-history":[{"count":1,"href":"https:\/\/www.e-rihs.pl\/index.php\/wp-json\/wp\/v2\/pages\/3266\/revisions"}],"predecessor-version":[{"id":3268,"href":"https:\/\/www.e-rihs.pl\/index.php\/wp-json\/wp\/v2\/pages\/3266\/revisions\/3268"}],"wp:attachment":[{"href":"https:\/\/www.e-rihs.pl\/index.php\/wp-json\/wp\/v2\/media?parent=3266"}],"curies":[{"name":"wp","href":"https:\/\/api.w.org\/{rel}","templated":true}]}}