{"id":3270,"date":"2025-12-04T14:18:25","date_gmt":"2025-12-04T14:18:25","guid":{"rendered":"https:\/\/www.e-rihs.pl\/?page_id=3270"},"modified":"2025-12-04T14:18:25","modified_gmt":"2025-12-04T14:18:25","slug":"10ty-nabor-wnioskow-ostatnia-komunia-sw-hieronima","status":"publish","type":"page","link":"https:\/\/www.e-rihs.pl\/index.php\/10ty-nabor-wnioskow-ostatnia-komunia-sw-hieronima\/","title":{"rendered":"10ty nab\u00f3r wniosk\u00f3w: Ostatnia Komunia \u015bw. Hieronima"},"content":{"rendered":"<h2 style=\"text-align: center;\">Zagadnienia badawcze i konserwatorskie obiektu w technice kola\u017cowej z przedstawieniem Ostatniej Komunii \u015bw. Hieronima.<\/h2>\n<p style=\"text-align: justify;\">Projekt dotyczy unikatowego obiektu wykonanego w technice kola\u017cowej, \u0142\u0105cz\u0105cej w sobie r\u00f3\u017cne materia\u0142y: grafik\u0119 miedziorytnicz\u0105 oraz tkaniny na pod\u0142o\u017cu papierowym. Dzie\u0142o prawdopodobnie nale\u017cy do tradycji Klosterarbeiten, czyli sztuki klasztornej tworzonej w zakonach klauzurowych. \u015awiadczy to o z\u0142o\u017conej historii i wyj\u0105tkowej warto\u015bci artystycznej obiektu.<\/p>\n<p style=\"text-align: justify;\">Celem projektu jest pe\u0142ne rozpoznanie technologii wykonania obiektu oraz opracowanie bezpiecznego programu prac konserwatorskich.<\/p>\n<div id=\"attachment_3271\" style=\"width: 210px\" class=\"wp-caption alignnone\"><img aria-describedby=\"caption-attachment-3271\" decoding=\"async\" loading=\"lazy\" class=\"size-medium wp-image-3271\" src=\"https:\/\/www.e-rihs.pl\/wp-content\/uploads\/2025\/12\/Komunia-sw-Hieronima-200x300.jpg\" alt=\"\" width=\"200\" height=\"300\" srcset=\"https:\/\/www.e-rihs.pl\/wp-content\/uploads\/2025\/12\/Komunia-sw-Hieronima-200x300.jpg 200w, https:\/\/www.e-rihs.pl\/wp-content\/uploads\/2025\/12\/Komunia-sw-Hieronima-684x1024.jpg 684w, https:\/\/www.e-rihs.pl\/wp-content\/uploads\/2025\/12\/Komunia-sw-Hieronima-768x1150.jpg 768w, https:\/\/www.e-rihs.pl\/wp-content\/uploads\/2025\/12\/Komunia-sw-Hieronima-1026x1536.jpg 1026w, https:\/\/www.e-rihs.pl\/wp-content\/uploads\/2025\/12\/Komunia-sw-Hieronima.jpg 1322w\" sizes=\"(max-width: 200px) 100vw, 200px\" \/><p id=\"caption-attachment-3271\" class=\"wp-caption-text\">Lico obiektu w \u015bwietle widzialnym, Fot. Pawe\u0142 G\u0105sior<\/p><\/div>\n<p style=\"text-align: justify;\">W programie badawczym przewidziano analiz\u0119 barwnik\u00f3w organicznych metod\u0105 chromatografii cieczowej z tandemow\u0105 spektrometri\u0105 mas, analiz\u0119 sk\u0142adu pierwiastkowego obiektu metod\u0105 MA-XRF, badania klej\u00f3w metod\u0105 FTIR, a tak\u017ce badania identyfikacyjne w\u0142\u00f3kien tekstylnych oraz papierowych. Uzyskane wyniki pozwol\u0105 na ocen\u0119 stanu zachowania materia\u0142\u00f3w oraz poszerzenie wiedzy o technikach stosowanych w tego typu obiektach oraz stworz\u0105 punkt odniesienia dla przysz\u0142ych bada\u0144 i dzia\u0142a\u0144 konserwatorskich. Publikacja rezultat\u00f3w przyczyni si\u0119 do rozwoju bada\u0144 nad dziedzictwem kulturowym i ochron\u0105 unikatowych obiekt\u00f3w artystycznych<\/p>\n","protected":false},"excerpt":{"rendered":"<p>Zagadnienia badawcze i konserwatorskie obiektu w technice kola\u017cowej z przedstawieniem Ostatniej Komunii \u015bw. Hieronima. Projekt dotyczy unikatowego obiektu wykonanego w technice kola\u017cowej, \u0142\u0105cz\u0105cej w sobie r\u00f3\u017cne materia\u0142y: grafik\u0119 miedziorytnicz\u0105 oraz tkaniny na pod\u0142o\u017cu papierowym. Dzie\u0142o prawdopodobnie nale\u017cy do tradycji Klosterarbeiten, &hellip; <a href=\"https:\/\/www.e-rihs.pl\/index.php\/10ty-nabor-wnioskow-ostatnia-komunia-sw-hieronima\/\">Czytaj dalej <span class=\"meta-nav\">&rarr;<\/span><\/a><\/p>\n","protected":false},"author":1,"featured_media":0,"parent":0,"menu_order":0,"comment_status":"closed","ping_status":"closed","template":"","meta":[],"_links":{"self":[{"href":"https:\/\/www.e-rihs.pl\/index.php\/wp-json\/wp\/v2\/pages\/3270"}],"collection":[{"href":"https:\/\/www.e-rihs.pl\/index.php\/wp-json\/wp\/v2\/pages"}],"about":[{"href":"https:\/\/www.e-rihs.pl\/index.php\/wp-json\/wp\/v2\/types\/page"}],"author":[{"embeddable":true,"href":"https:\/\/www.e-rihs.pl\/index.php\/wp-json\/wp\/v2\/users\/1"}],"replies":[{"embeddable":true,"href":"https:\/\/www.e-rihs.pl\/index.php\/wp-json\/wp\/v2\/comments?post=3270"}],"version-history":[{"count":1,"href":"https:\/\/www.e-rihs.pl\/index.php\/wp-json\/wp\/v2\/pages\/3270\/revisions"}],"predecessor-version":[{"id":3272,"href":"https:\/\/www.e-rihs.pl\/index.php\/wp-json\/wp\/v2\/pages\/3270\/revisions\/3272"}],"wp:attachment":[{"href":"https:\/\/www.e-rihs.pl\/index.php\/wp-json\/wp\/v2\/media?parent=3270"}],"curies":[{"name":"wp","href":"https:\/\/api.w.org\/{rel}","templated":true}]}}