{"id":3273,"date":"2025-12-04T14:24:42","date_gmt":"2025-12-04T14:24:42","guid":{"rendered":"https:\/\/www.e-rihs.pl\/?page_id=3273"},"modified":"2025-12-04T14:24:42","modified_gmt":"2025-12-04T14:24:42","slug":"10ty-nabor-wnioskow-cztery-obrazy-z-galerii-im-lanckoronskich","status":"publish","type":"page","link":"https:\/\/www.e-rihs.pl\/index.php\/10ty-nabor-wnioskow-cztery-obrazy-z-galerii-im-lanckoronskich\/","title":{"rendered":"10ty nab\u00f3r wniosk\u00f3w: cztery obrazy z Galerii im. Lanckoro\u0144skich"},"content":{"rendered":"<h2 style=\"text-align: center;\">Zagadnienia techniki i technologii czterech obraz\u00f3w okresu quattrocenta z aneksu w\u0142oskiego Galerii im. Lanckoro\u0144skich, z kolekcji Zamku Kr\u00f3lewskiego w Warszawie \u2013 Muzeum. Rezydencja Kr\u00f3l\u00f3w i Rzeczypospolitej.<\/h2>\n<p style=\"text-align: justify;\">Celem projektu jest przeprowadzenie bada\u0144 na czterech XV- wiecznych obrazach z Galerii im. Lanckoro\u0144skich, z aneksu w\u0142oskiego nale\u017c\u0105cych do kolekcji Zamku Kr\u00f3lewskiego w Warszawie \u2013 Muzeum. Rezydencji Kr\u00f3l\u00f3w i Rzeczypospolitej:<\/p>\n<ol>\n<li style=\"text-align: justify;\">ZKW\/6529, Lippo d\u2019Andrea <em>Sprawiedliwo\u015b\u0107 Trajana (r.), Putto graj\u0105ce na flecie i b\u0119bnie (v.),<\/em> 1420 \u2013 30, Florencja (W\u0142ochy), tempera na desce, \u015br. 71 cm, gl. 5,5 cm.<\/li>\n<li style=\"text-align: justify;\">ZKW\/6263, nieznany malarz <em>Apollo i Dafne<\/em>, ok. 1450, Florencja (W\u0142ochy), tempera na desce, 47,7 x 48,8 x 4 cm.<\/li>\n<li style=\"text-align: justify;\">ZKW\/5981\/ab Marco Ruggeri, zw. Marco Zoppo <em>Koriolan oszcz\u0119dza Rzym<\/em>, po\u0142 XVw., Ferrara (W\u0142ochy), tempera na desce; 58,5 x 171,7 [73 x 186] cm.<\/li>\n<li style=\"text-align: justify;\">ZKW\/6258\/ab Giovanni Battista Bertucci, zw. il Vecchio <em>Juliusz Cezar<\/em> <em>otrzymuje od<\/em> <em>wys\u0142annik\u00f3w<\/em> <em>Ptolemeusza g\u0142ow\u0119<\/em> <em>Pompejusza<\/em>, ok. 1495r., Faenza (W\u0142ochy), olej na desce; 81 x 79,6 [85 x 85,7 x 8,5] cm.<\/li>\n<\/ol>\n<p style=\"text-align: justify;\">W 2024 r. obrazy zosta\u0142y poddane nieniszcz\u0105cym badaniom kamer\u0105 hiperspektraln\u0105. Badania zosta\u0142y wykonane przez Mi\u0119dzyuczelniany Instytut Konserwacji i Restauracji Dzie\u0142 Sztuki dzia\u0142aj\u0105cy przy ASP w Warszawie. W ramach kontynuacji bada\u0144 planuje si\u0119 wykonanie map rozmieszcze\u0144 pierwiastk\u00f3w, kt\u00f3re dadz\u0105 ca\u0142o\u015bciowy obraz rozmieszczenia pierwiastk\u00f3w na powierzchni obraz\u00f3w (Makro XRF) oraz rozpoznanie spoiw (FTIR).<\/p>\n<div id=\"attachment_3274\" style=\"width: 310px\" class=\"wp-caption alignnone\"><img aria-describedby=\"caption-attachment-3274\" decoding=\"async\" loading=\"lazy\" class=\"size-medium wp-image-3274\" src=\"https:\/\/www.e-rihs.pl\/wp-content\/uploads\/2025\/12\/Bertucci-300x300.png\" alt=\"\" width=\"300\" height=\"300\" srcset=\"https:\/\/www.e-rihs.pl\/wp-content\/uploads\/2025\/12\/Bertucci-300x300.png 300w, https:\/\/www.e-rihs.pl\/wp-content\/uploads\/2025\/12\/Bertucci-150x150.png 150w, https:\/\/www.e-rihs.pl\/wp-content\/uploads\/2025\/12\/Bertucci-299x300.png 299w, https:\/\/www.e-rihs.pl\/wp-content\/uploads\/2025\/12\/Bertucci.png 489w\" sizes=\"(max-width: 300px) 100vw, 300px\" \/><p id=\"caption-attachment-3274\" class=\"wp-caption-text\">ZKW\/6258\/ab Giovanni Battista Bertucci, zw. il Vecchio <em>Juliusz Cezar otrzymuje od wys\u0142annik\u00f3w Ptolemeusza g\u0142ow\u0119 Pompejusza<\/em>, ok. 1495r., Faenza (W\u0142ochy),<br \/>olej na desce; 81 x 79,6 [85 x 85,7 x 8,5] cm.<\/p><\/div>\n","protected":false},"excerpt":{"rendered":"<p>Zagadnienia techniki i technologii czterech obraz\u00f3w okresu quattrocenta z aneksu w\u0142oskiego Galerii im. Lanckoro\u0144skich, z kolekcji Zamku Kr\u00f3lewskiego w Warszawie \u2013 Muzeum. Rezydencja Kr\u00f3l\u00f3w i Rzeczypospolitej. Celem projektu jest przeprowadzenie bada\u0144 na czterech XV- wiecznych obrazach z Galerii im. Lanckoro\u0144skich, &hellip; <a href=\"https:\/\/www.e-rihs.pl\/index.php\/10ty-nabor-wnioskow-cztery-obrazy-z-galerii-im-lanckoronskich\/\">Czytaj dalej <span class=\"meta-nav\">&rarr;<\/span><\/a><\/p>\n","protected":false},"author":1,"featured_media":0,"parent":0,"menu_order":0,"comment_status":"closed","ping_status":"closed","template":"","meta":[],"_links":{"self":[{"href":"https:\/\/www.e-rihs.pl\/index.php\/wp-json\/wp\/v2\/pages\/3273"}],"collection":[{"href":"https:\/\/www.e-rihs.pl\/index.php\/wp-json\/wp\/v2\/pages"}],"about":[{"href":"https:\/\/www.e-rihs.pl\/index.php\/wp-json\/wp\/v2\/types\/page"}],"author":[{"embeddable":true,"href":"https:\/\/www.e-rihs.pl\/index.php\/wp-json\/wp\/v2\/users\/1"}],"replies":[{"embeddable":true,"href":"https:\/\/www.e-rihs.pl\/index.php\/wp-json\/wp\/v2\/comments?post=3273"}],"version-history":[{"count":1,"href":"https:\/\/www.e-rihs.pl\/index.php\/wp-json\/wp\/v2\/pages\/3273\/revisions"}],"predecessor-version":[{"id":3275,"href":"https:\/\/www.e-rihs.pl\/index.php\/wp-json\/wp\/v2\/pages\/3273\/revisions\/3275"}],"wp:attachment":[{"href":"https:\/\/www.e-rihs.pl\/index.php\/wp-json\/wp\/v2\/media?parent=3273"}],"curies":[{"name":"wp","href":"https:\/\/api.w.org\/{rel}","templated":true}]}}