{"id":3276,"date":"2025-12-04T14:27:34","date_gmt":"2025-12-04T14:27:34","guid":{"rendered":"https:\/\/www.e-rihs.pl\/?page_id=3276"},"modified":"2025-12-04T14:27:34","modified_gmt":"2025-12-04T14:27:34","slug":"10ty-nabor-wnioskow-jasiel-pobojowisko","status":"publish","type":"page","link":"https:\/\/www.e-rihs.pl\/index.php\/10ty-nabor-wnioskow-jasiel-pobojowisko\/","title":{"rendered":"10ty nab\u00f3r wniosk\u00f3w: Jasiel &#8211; pobojowisko"},"content":{"rendered":"<h2 style=\"text-align: center;\">Jasiel &#8211; pobojowisko<\/h2>\n<p style=\"text-align: justify;\">Celem projektu jest wykonanie skanowania laserowego za pomoc\u0105 specjalnego czujnika Zawieszonego pod dronem. Obiektem skanowanym b\u0119dzie pobojowisko z czas\u00f3w I Wojny \u015awiatowej zlokalizowane na terenie Gminy Ja\u015bliska w okolicy miejscowo\u015bci Jasiel, oraz Wola Wy\u017cna. W styczniu 1915 roku prowadzono tam ci\u0119\u017ckie walki, w kt\u00f3rych \u015bciera\u0142y si\u0119 jednostki armii carskiej oraz Austro-W\u0119gier. Pomimo up\u0142ywu ponad 110 lat pozosta\u0142o\u015bci tych walk wi\u0105\u017c widoczne s\u0105 w lasach Nadle\u015bnictwa Ryman\u00f3w, zlokalizowanych w wy\u017cej wymienionych miejscowo\u015bciach. W walkach tych bra\u0142o udzia\u0142 wielu Polak\u00f3w, jako \u017ce w sk\u0142adzie armii Monarchii Habsburg\u00f3w wchodzi\u0142y jednostki rekrutowane z teren\u00f3w podkarpacia. Pomimo dobrego stanu zachowania i du\u017cej warto\u015bci historycznej, teren ten nie posiada \u017cadnej ochrony konserwatorskiej. Wykonanie skanowania laserowego pomorze w przygotowaniu wniosku o objecie tego obszaru ochron\u0105 konserwatorsk\u0105. Jak do tej pory prace inwentaryzacyjne prowadzone by\u0142y przy u\u017cyciu tachimetr\u00f3w i anten GPS GNSS, kt\u00f3re pomaga\u0142y w mapowaniu odnalezionych struktur. Niestety ich wielko\u015b\u0107 jest zbyt ma\u0142a i te nie s\u0105 widoczne na zobrazowaniach ISOK. \u015awietnym rozwi\u0105zaniem jest w tym miejscu zastosowanie skanowania przy u\u017cyciu czujnika, kt\u00f3rym dysponuje Politechnika Warszawska. Dzi\u0119ki niemu mo\u017cna uzyskach obraz reliefu gruntu ukazuj\u0105cy wszelkie relikty walk w jako\u015bci znacznie lepszej ni\u017c zobrazowania ISOK i w czasie niepor\u00f3wnywalnie szybszym ni\u017c z zastosowaniem tradycyjnych metod pomiarowych.<\/p>\n","protected":false},"excerpt":{"rendered":"<p>Jasiel &#8211; pobojowisko Celem projektu jest wykonanie skanowania laserowego za pomoc\u0105 specjalnego czujnika Zawieszonego pod dronem. Obiektem skanowanym b\u0119dzie pobojowisko z czas\u00f3w I Wojny \u015awiatowej zlokalizowane na terenie Gminy Ja\u015bliska w okolicy miejscowo\u015bci Jasiel, oraz Wola Wy\u017cna. W styczniu 1915 &hellip; <a href=\"https:\/\/www.e-rihs.pl\/index.php\/10ty-nabor-wnioskow-jasiel-pobojowisko\/\">Czytaj dalej <span class=\"meta-nav\">&rarr;<\/span><\/a><\/p>\n","protected":false},"author":1,"featured_media":0,"parent":0,"menu_order":0,"comment_status":"closed","ping_status":"closed","template":"","meta":[],"_links":{"self":[{"href":"https:\/\/www.e-rihs.pl\/index.php\/wp-json\/wp\/v2\/pages\/3276"}],"collection":[{"href":"https:\/\/www.e-rihs.pl\/index.php\/wp-json\/wp\/v2\/pages"}],"about":[{"href":"https:\/\/www.e-rihs.pl\/index.php\/wp-json\/wp\/v2\/types\/page"}],"author":[{"embeddable":true,"href":"https:\/\/www.e-rihs.pl\/index.php\/wp-json\/wp\/v2\/users\/1"}],"replies":[{"embeddable":true,"href":"https:\/\/www.e-rihs.pl\/index.php\/wp-json\/wp\/v2\/comments?post=3276"}],"version-history":[{"count":1,"href":"https:\/\/www.e-rihs.pl\/index.php\/wp-json\/wp\/v2\/pages\/3276\/revisions"}],"predecessor-version":[{"id":3277,"href":"https:\/\/www.e-rihs.pl\/index.php\/wp-json\/wp\/v2\/pages\/3276\/revisions\/3277"}],"wp:attachment":[{"href":"https:\/\/www.e-rihs.pl\/index.php\/wp-json\/wp\/v2\/media?parent=3276"}],"curies":[{"name":"wp","href":"https:\/\/api.w.org\/{rel}","templated":true}]}}