{"id":3278,"date":"2025-12-04T14:31:26","date_gmt":"2025-12-04T14:31:26","guid":{"rendered":"https:\/\/www.e-rihs.pl\/?page_id=3278"},"modified":"2025-12-04T14:31:26","modified_gmt":"2025-12-04T14:31:26","slug":"10ty-nabor-wnioskow-chrystus-ukrzyzowany-z-cerekwi","status":"publish","type":"page","link":"https:\/\/www.e-rihs.pl\/index.php\/10ty-nabor-wnioskow-chrystus-ukrzyzowany-z-cerekwi\/","title":{"rendered":"10ty nab\u00f3r wniosk\u00f3w: Chrystus Ukrzy\u017cowany z Cerekwi"},"content":{"rendered":"<h2 style=\"text-align: center;\">Badania technologiczne p\u00f3\u017anogotyckiej rze\u017aby <em>Chrystusa Ukrzy\u017cowanego<\/em> (ok. 1520 r.) z Cerekwi<\/h2>\n<p style=\"text-align: justify;\">Rze\u017aba <em>Chrystusa Ukrzy\u017cowanego<\/em> powsta\u0142a najprawdopodobniej ok. 1520 r. w ma\u0142opolskim warsztacie Mistrza Krucyfiksu z Bo\u017cego Cia\u0142a. Znajduje si\u0119 obecnie w\u00a0 g\u0142\u00f3wnym o\u0142tarzu neogotyckiego ko\u015bcio\u0142a parafialnego pw. \u015bw.\u00a0Wawrzy\u0144ca w\u00a0Cerekwi. Zebrane dot\u0105d dane archiwalne wskazuj\u0105, \u017ce stanowi\u0142a wyposa\u017cenie dw\u00f3ch wcze\u015bniej istniej\u0105cych tam ko\u015bcio\u0142\u00f3w, a obecnie to najstarszy zabytek, chluba i duma lokalnej spo\u0142eczno\u015bci.\u00a0 Rze\u017aba, pozostaj\u0105ca na uboczu i nieznana, nie posiada dot\u0105d \u017cadnego opracowania naukowego, by\u0142a natomiast konserwowana w\u00a0przesz\u0142o\u015bci, o\u00a0czym \u015bwiadcz\u0105 liczne pokrywaj\u0105ce j\u0105 retusze.<\/p>\n<p style=\"text-align: justify;\">Projekt obejmuje kompleksowe badania technologiczne obiektu (radiografi\u0119 cyfrow\u0105 RTG, fotografie w UV, IR, Na; analizy SEM-EDS i FTIR) maj\u0105ce na celu dok\u0142adne okre\u015blenie techniki i technologii jego wykonania, co pomo\u017ce w opisaniu <em>modus operandi <\/em>jego tw\u00f3rcy: Mistrza Krucyfiksu z Bo\u017cego Cia\u0142a. Z punktu widzenia konserwatorskiego podstawowym celem projektu jest rozpoznanie dok\u0142adnej stratygrafii dzie\u0142a, kt\u00f3re na przestrzeni wiek\u00f3w uleg\u0142o licznym przekszta\u0142ceniom, przemalowaniom.<\/p>\n<div id=\"attachment_3279\" style=\"width: 235px\" class=\"wp-caption alignnone\"><img aria-describedby=\"caption-attachment-3279\" decoding=\"async\" loading=\"lazy\" class=\"size-medium wp-image-3279\" src=\"https:\/\/www.e-rihs.pl\/wp-content\/uploads\/2025\/12\/Chrystus-z-Cerekwi-225x300.jpg\" alt=\"\" width=\"225\" height=\"300\" srcset=\"https:\/\/www.e-rihs.pl\/wp-content\/uploads\/2025\/12\/Chrystus-z-Cerekwi-225x300.jpg 225w, https:\/\/www.e-rihs.pl\/wp-content\/uploads\/2025\/12\/Chrystus-z-Cerekwi-768x1024.jpg 768w, https:\/\/www.e-rihs.pl\/wp-content\/uploads\/2025\/12\/Chrystus-z-Cerekwi-1152x1536.jpg 1152w, https:\/\/www.e-rihs.pl\/wp-content\/uploads\/2025\/12\/Chrystus-z-Cerekwi-1536x2048.jpg 1536w, https:\/\/www.e-rihs.pl\/wp-content\/uploads\/2025\/12\/Chrystus-z-Cerekwi.jpg 1921w\" sizes=\"(max-width: 225px) 100vw, 225px\" \/><p id=\"caption-attachment-3279\" class=\"wp-caption-text\">Figura Ukrzy\u017cowanego Chrystusa, ok. 1520 r., Cerekiew, ko\u015bci\u00f3\u0142 pw. \u015bw. Wawrzy\u0144ca. Stan przed konserwacj\u0105 (fot. Anna Borowska, 2022)<\/p><\/div>\n","protected":false},"excerpt":{"rendered":"<p>Badania technologiczne p\u00f3\u017anogotyckiej rze\u017aby Chrystusa Ukrzy\u017cowanego (ok. 1520 r.) z Cerekwi Rze\u017aba Chrystusa Ukrzy\u017cowanego powsta\u0142a najprawdopodobniej ok. 1520 r. w ma\u0142opolskim warsztacie Mistrza Krucyfiksu z Bo\u017cego Cia\u0142a. Znajduje si\u0119 obecnie w\u00a0 g\u0142\u00f3wnym o\u0142tarzu neogotyckiego ko\u015bcio\u0142a parafialnego pw. \u015bw.\u00a0Wawrzy\u0144ca w\u00a0Cerekwi. Zebrane &hellip; <a href=\"https:\/\/www.e-rihs.pl\/index.php\/10ty-nabor-wnioskow-chrystus-ukrzyzowany-z-cerekwi\/\">Czytaj dalej <span class=\"meta-nav\">&rarr;<\/span><\/a><\/p>\n","protected":false},"author":1,"featured_media":0,"parent":0,"menu_order":0,"comment_status":"closed","ping_status":"closed","template":"","meta":[],"_links":{"self":[{"href":"https:\/\/www.e-rihs.pl\/index.php\/wp-json\/wp\/v2\/pages\/3278"}],"collection":[{"href":"https:\/\/www.e-rihs.pl\/index.php\/wp-json\/wp\/v2\/pages"}],"about":[{"href":"https:\/\/www.e-rihs.pl\/index.php\/wp-json\/wp\/v2\/types\/page"}],"author":[{"embeddable":true,"href":"https:\/\/www.e-rihs.pl\/index.php\/wp-json\/wp\/v2\/users\/1"}],"replies":[{"embeddable":true,"href":"https:\/\/www.e-rihs.pl\/index.php\/wp-json\/wp\/v2\/comments?post=3278"}],"version-history":[{"count":1,"href":"https:\/\/www.e-rihs.pl\/index.php\/wp-json\/wp\/v2\/pages\/3278\/revisions"}],"predecessor-version":[{"id":3280,"href":"https:\/\/www.e-rihs.pl\/index.php\/wp-json\/wp\/v2\/pages\/3278\/revisions\/3280"}],"wp:attachment":[{"href":"https:\/\/www.e-rihs.pl\/index.php\/wp-json\/wp\/v2\/media?parent=3278"}],"curies":[{"name":"wp","href":"https:\/\/api.w.org\/{rel}","templated":true}]}}