{"id":3281,"date":"2025-12-04T14:35:47","date_gmt":"2025-12-04T14:35:47","guid":{"rendered":"https:\/\/www.e-rihs.pl\/?page_id=3281"},"modified":"2025-12-04T14:35:47","modified_gmt":"2025-12-04T14:35:47","slug":"10ty-nabor-projektow-relikwiarz-z-muzeum-w-przemyslu","status":"publish","type":"page","link":"https:\/\/www.e-rihs.pl\/index.php\/10ty-nabor-projektow-relikwiarz-z-muzeum-w-przemyslu\/","title":{"rendered":"10ty nab\u00f3r projekt\u00f3w: relikwiarz z muzeum w Przemy\u015blu"},"content":{"rendered":"<h2 style=\"text-align: center;\"><strong>Badania potwierdzaj\u0105ce obecno\u015b\u0107 relikwii w relikwiarzu-medalionie<\/strong> <strong>o numerze inw. MPS-8381 z XVIII wieku z Muzeum Narodowego Ziemi Przemyskiej w Przemy\u015blu.<\/strong><\/h2>\n<p style=\"text-align: justify;\">Celem bada\u0144 jest okre\u015blenie czy w relikwiarzu-medalionie o nr inw. MPS-8381 z XVIII wieku z Muzeum Narodowego Ziemi Przemyskiej w Przemy\u015blu istniej\u0105 relikwie.<\/p>\n<div id=\"attachment_3282\" style=\"width: 310px\" class=\"wp-caption alignnone\"><img aria-describedby=\"caption-attachment-3282\" decoding=\"async\" loading=\"lazy\" class=\"size-medium wp-image-3282\" src=\"https:\/\/www.e-rihs.pl\/wp-content\/uploads\/2025\/12\/relikwiarz-300x225.jpg\" alt=\"\" width=\"300\" height=\"225\" srcset=\"https:\/\/www.e-rihs.pl\/wp-content\/uploads\/2025\/12\/relikwiarz-300x225.jpg 300w, https:\/\/www.e-rihs.pl\/wp-content\/uploads\/2025\/12\/relikwiarz-768x576.jpg 768w, https:\/\/www.e-rihs.pl\/wp-content\/uploads\/2025\/12\/relikwiarz-400x300.jpg 400w, https:\/\/www.e-rihs.pl\/wp-content\/uploads\/2025\/12\/relikwiarz.jpg 946w\" sizes=\"(max-width: 300px) 100vw, 300px\" \/><p id=\"caption-attachment-3282\" class=\"wp-caption-text\">Relikwiarz w formie medalionu. Fot. A. Ka\u017amierczak<\/p><\/div>\n<p style=\"text-align: justify;\">Relikwiarz wykonany jest z blachy ze stopu srebra w formie medalionu. W spodniej cz\u0119\u015bci dokonano podzia\u0142u za pomoc\u0105 metalowych przegr\u00f3dek na dziewi\u0119\u0107 kwater, a w ka\u017cdej z nich umieszczono zawini\u0105tka, prawdopodobnie z relikwiami. Ze wzgl\u0119du na to, \u017ce sprawdzenie tego metod\u0105 tradycyjn\u0105 wi\u0105\u017ce si\u0119 z inwazyjn\u0105 ingerencj\u0105 w substancj\u0119 zabytkow\u0105 proponuje si\u0119 wykorzysta\u0107 bardzo precyzyjn\u0105, a przede wszystkim bezinwazyjn\u0105 metod\u0119 tomografii stwierdzaj\u0105cej obecno\u015b\u0107 takich artefakt\u00f3w. Planowane badania te zostan\u0105 przeprowadzone w Centrum Bada\u0144 Nawarstwie\u0144 Historycznych AGH w Krakowie.<\/p>\n","protected":false},"excerpt":{"rendered":"<p>Badania potwierdzaj\u0105ce obecno\u015b\u0107 relikwii w relikwiarzu-medalionie o numerze inw. MPS-8381 z XVIII wieku z Muzeum Narodowego Ziemi Przemyskiej w Przemy\u015blu. Celem bada\u0144 jest okre\u015blenie czy w relikwiarzu-medalionie o nr inw. MPS-8381 z XVIII wieku z Muzeum Narodowego Ziemi Przemyskiej w &hellip; <a href=\"https:\/\/www.e-rihs.pl\/index.php\/10ty-nabor-projektow-relikwiarz-z-muzeum-w-przemyslu\/\">Czytaj dalej <span class=\"meta-nav\">&rarr;<\/span><\/a><\/p>\n","protected":false},"author":1,"featured_media":0,"parent":0,"menu_order":0,"comment_status":"closed","ping_status":"closed","template":"","meta":[],"_links":{"self":[{"href":"https:\/\/www.e-rihs.pl\/index.php\/wp-json\/wp\/v2\/pages\/3281"}],"collection":[{"href":"https:\/\/www.e-rihs.pl\/index.php\/wp-json\/wp\/v2\/pages"}],"about":[{"href":"https:\/\/www.e-rihs.pl\/index.php\/wp-json\/wp\/v2\/types\/page"}],"author":[{"embeddable":true,"href":"https:\/\/www.e-rihs.pl\/index.php\/wp-json\/wp\/v2\/users\/1"}],"replies":[{"embeddable":true,"href":"https:\/\/www.e-rihs.pl\/index.php\/wp-json\/wp\/v2\/comments?post=3281"}],"version-history":[{"count":1,"href":"https:\/\/www.e-rihs.pl\/index.php\/wp-json\/wp\/v2\/pages\/3281\/revisions"}],"predecessor-version":[{"id":3283,"href":"https:\/\/www.e-rihs.pl\/index.php\/wp-json\/wp\/v2\/pages\/3281\/revisions\/3283"}],"wp:attachment":[{"href":"https:\/\/www.e-rihs.pl\/index.php\/wp-json\/wp\/v2\/media?parent=3281"}],"curies":[{"name":"wp","href":"https:\/\/api.w.org\/{rel}","templated":true}]}}