{"id":3426,"date":"2026-04-01T11:11:28","date_gmt":"2026-04-01T11:11:28","guid":{"rendered":"https:\/\/www.e-rihs.pl\/?page_id=3426"},"modified":"2026-04-02T11:51:19","modified_gmt":"2026-04-02T11:51:19","slug":"erihs-pl-digilab-workspace","status":"publish","type":"page","link":"https:\/\/www.e-rihs.pl\/index.php\/erihs-pl-digilab-workspace\/","title":{"rendered":"E-RIHS.pl DIGILAB Workspace"},"content":{"rendered":"<h2 style=\"text-align: center;\">Polska infrastruktura dla bada\u0144 nad dziedzictwem kulturowym<\/h2>\n<p><img decoding=\"async\" loading=\"lazy\" class=\"aligncenter size-large wp-image-3429\" src=\"https:\/\/www.e-rihs.pl\/wp-content\/uploads\/2026\/04\/erihs_pl_digilab_logo-1024x387.png\" alt=\"\" width=\"584\" height=\"221\" srcset=\"https:\/\/www.e-rihs.pl\/wp-content\/uploads\/2026\/04\/erihs_pl_digilab_logo-1024x387.png 1024w, https:\/\/www.e-rihs.pl\/wp-content\/uploads\/2026\/04\/erihs_pl_digilab_logo-300x113.png 300w, https:\/\/www.e-rihs.pl\/wp-content\/uploads\/2026\/04\/erihs_pl_digilab_logo-768x290.png 768w, https:\/\/www.e-rihs.pl\/wp-content\/uploads\/2026\/04\/erihs_pl_digilab_logo-1536x581.png 1536w, https:\/\/www.e-rihs.pl\/wp-content\/uploads\/2026\/04\/erihs_pl_digilab_logo-2048x775.png 2048w, https:\/\/www.e-rihs.pl\/wp-content\/uploads\/2026\/04\/erihs_pl_digilab_logo-500x189.png 500w\" sizes=\"(max-width: 584px) 100vw, 584px\" \/><\/p>\n<p>Celem g\u0142\u00f3wnym i bezpo\u015brednim projektu jest utworzenie krajowej infrastruktury dla bada\u0144 fizykochemicznych nad dziedzictwem kulturowym, kt\u00f3ra b\u0119dzie odpowiada\u0107 zidentyfikowanym potrzebom szerokiego grona odbiorc\u00f3w i b\u0119dzie komplementarna do istniej\u0105cej bazy badawczej oraz istniej\u0105cej w Polsce infrastruktury B+R. Projekt b\u0119dzie realizowany na terenie Polski poza regionem warszawskim sto\u0142ecznym, w czterech wojew\u00f3dztwach (woj. wielkopolskie, woj. kujawsko-pomorskie, woj. ma\u0142opolskie, woj. dolno\u015bl\u0105skie) nale\u017c\u0105cych do region\u00f3w przej\u015bciowych i s\u0142abiej rozwini\u0119tych. Grupami docelowymi projektu b\u0119d\u0105 cz\u0142onkowie Konsorcjum Projektowego, jednostki naukowo-badawcze, podmioty publiczne (w szczeg\u00f3lno\u015bci instytucje zajmuj\u0105ce si\u0119 ochron\u0105 i konserwacj\u0105 zabytk\u00f3w materialnego dziedzictwa kulturowego), organizacje pozarz\u0105dowe, a tak\u017ce podmioty gospodarcze. Dotyczy to jednostek zar\u00f3wno krajowych, jak i zagranicznych.<\/p>\n<p>Polska infrastruktura dla bada\u0144 nad dziedzictwem kulturowym \u2013 ERIHS.PL sk\u0142ada\u0107 si\u0119 b\u0119dzie z nast\u0119puj\u0105cych kluczowych rozproszonych laboratori\u00f3w:<\/p>\n<ol>\n<li>Laboratorium pozyskiwania danych fizykochemicznych wspieraj\u0105ce prowadzenie analiz obiekt\u00f3w dziedzictwa kulturowego w trybie mobilnym lub stacjonarnym.<\/li>\n<li>Laboratorium przestrzeni danych surowych i pochodnych oferuj\u0105ce bezpieczne i prywatne przestrzenie sk\u0142adowania danych zgodne z za\u0142o\u017ceniami FAIR.<\/li>\n<li>Laboratorium kontekstualizacji, modelowania i prezentacji danych oferuj\u0105ce dost\u0119p do danych pochodnych (przetworzonych danych surowych) oraz danych kontekstowych w modelu cyfrowego bli\u017aniaka HDT wraz z modu\u0142ami prezentacji i wizualizacji.<\/li>\n<li>Laboratorium analityki danych obejmuj\u0105ce specjalizowane komponenty infrastruktury do przetwarzania danych pochodz\u0105cych z pozosta\u0142ych laboratori\u00f3w, np. mechanizmy monitorowania zagro\u017ce\u0144 obiekt\u00f3w dziedzictwa oraz planowania dzia\u0142a\u0144 zaradczych.<\/li>\n<\/ol>\n<p>Wykorzystanie infrastruktury, b\u0119d\u0105cej g\u0142\u00f3wnym rezultatem projektu, b\u0119dzie mo\u017cliwe zar\u00f3wno na poziomie krajowych, jak i mi\u0119dzynarodowych projekt\u00f3w badawczo-naukowych oraz przy realizacji przedsi\u0119wzi\u0119\u0107 we wsp\u00f3\u0142pracy z partnerami komercyjnymi. Rezultaty projektu, takie jak us\u0142ugi pozyskiwania i zarz\u0105dzania danymi fizykochemicznymi, wsparcie dzia\u0142a\u0144 restauratorsko\/konserwatorskich i z zakresu prewencji konserwatorskiej, czy wizualizacji danych fizykochemicznych w znacz\u0105cy spos\u00f3b przyczyni\u0105 si\u0119 do przy\u015bpieszenia procesu usuwania barier stoj\u0105cych przed naukami z obszaru dziedzictwa (ang. heritage science), zwi\u0119kszenia dost\u0119pu do danych naukowych dla os\u00f3b z niepe\u0142nosprawno\u015bciami oraz pozytywnie wp\u0142yn\u0105 na realizacj\u0119 polityki r\u00f3wno\u015bci szans.<\/p>\n<p>Lider:<\/p>\n<ul>\n<li><a href=\"https:\/\/portal.ichb.pl\/pcss-ichb-pan\/\" target=\"_blank\" rel=\"noopener\">ICHB PAN PCSS \u2013 Pozna\u0144skie Centrum Superkomputerowo-Sieciowe<\/a> afiliowane przy Instytucie Chemii Bioorganicznej Polskiej Akademii Nauk w Poznaniu.<\/li>\n<\/ul>\n<p>Partnerzy:<\/p>\n<ul>\n<li><a href=\"https:\/\/www.umk.pl\/\" target=\"_blank\" rel=\"noopener\">Uniwersytet Miko\u0142aja Kopernika w Toruniu<\/a>,<\/li>\n<li><a href=\"https:\/\/www.uj.edu.pl\/pl\" target=\"_blank\" rel=\"noopener\">Uniwersytet Jagiello\u0144ski w Krakowie<\/a>,<\/li>\n<li><a href=\"https:\/\/ikifp.edu.pl\/\" target=\"_blank\" rel=\"noopener\">Instytut Katalizy i Fizykochemii Powierzchni Polskiej Akademii Nauk<\/a>,<\/li>\n<li><a href=\"https:\/\/www.agh.edu.pl\/\" target=\"_blank\" rel=\"noopener\">Akademia G\u00f3rniczo-Hutnicza<\/a>,<\/li>\n<li><a href=\"https:\/\/uwr.edu.pl\/\" target=\"_blank\" rel=\"noopener\">Uniwersytet Wroc\u0142awski<\/a>.<\/li>\n<\/ul>\n<p>Instytucja Finansuj\u0105ca: Unia Europejska w ramach dzia\u0142ania 2.4 w programie Fundusze Europejskie dla Nowoczesnej Gospodarki nr FENG.02.04-IP.04-0006\/24-00.<br \/>\nCa\u0142kowite koszty realizacji projektu wynios\u0105: 37 698 110,31 z\u0142.<br \/>\nDofinansowanie: Unia Europejska w ramach programu Fundusze Europejskie dla Nowoczesnej Gospodarki: 29 295 708,40 z\u0142.<br \/>\n\u0179r\u00f3d\u0142o finasowania pochodzi ze \u015brodk\u00f3w Unii Europejskiej.<\/p>\n<p>#FunduszeUE #FunduszeEuropejskie<\/p>\n<p><img decoding=\"async\" loading=\"lazy\" class=\"aligncenter size-large wp-image-3433\" src=\"https:\/\/www.e-rihs.pl\/wp-content\/uploads\/2026\/04\/erihspl_www_footer-1024x137.jpg\" alt=\"\" width=\"584\" height=\"78\" srcset=\"https:\/\/www.e-rihs.pl\/wp-content\/uploads\/2026\/04\/erihspl_www_footer-1024x137.jpg 1024w, https:\/\/www.e-rihs.pl\/wp-content\/uploads\/2026\/04\/erihspl_www_footer-300x40.jpg 300w, https:\/\/www.e-rihs.pl\/wp-content\/uploads\/2026\/04\/erihspl_www_footer-768x103.jpg 768w, https:\/\/www.e-rihs.pl\/wp-content\/uploads\/2026\/04\/erihspl_www_footer-500x67.jpg 500w, https:\/\/www.e-rihs.pl\/wp-content\/uploads\/2026\/04\/erihspl_www_footer.jpg 1080w\" sizes=\"(max-width: 584px) 100vw, 584px\" \/><\/p>\n","protected":false},"excerpt":{"rendered":"<p>Polska infrastruktura dla bada\u0144 nad dziedzictwem kulturowym Celem g\u0142\u00f3wnym i bezpo\u015brednim projektu jest utworzenie krajowej infrastruktury dla bada\u0144 fizykochemicznych nad dziedzictwem kulturowym, kt\u00f3ra b\u0119dzie odpowiada\u0107 zidentyfikowanym potrzebom szerokiego grona odbiorc\u00f3w i b\u0119dzie komplementarna do istniej\u0105cej bazy badawczej oraz istniej\u0105cej w &hellip; <a href=\"https:\/\/www.e-rihs.pl\/index.php\/erihs-pl-digilab-workspace\/\">Czytaj dalej <span class=\"meta-nav\">&rarr;<\/span><\/a><\/p>\n","protected":false},"author":4,"featured_media":0,"parent":0,"menu_order":0,"comment_status":"closed","ping_status":"closed","template":"","meta":[],"_links":{"self":[{"href":"https:\/\/www.e-rihs.pl\/index.php\/wp-json\/wp\/v2\/pages\/3426"}],"collection":[{"href":"https:\/\/www.e-rihs.pl\/index.php\/wp-json\/wp\/v2\/pages"}],"about":[{"href":"https:\/\/www.e-rihs.pl\/index.php\/wp-json\/wp\/v2\/types\/page"}],"author":[{"embeddable":true,"href":"https:\/\/www.e-rihs.pl\/index.php\/wp-json\/wp\/v2\/users\/4"}],"replies":[{"embeddable":true,"href":"https:\/\/www.e-rihs.pl\/index.php\/wp-json\/wp\/v2\/comments?post=3426"}],"version-history":[{"count":7,"href":"https:\/\/www.e-rihs.pl\/index.php\/wp-json\/wp\/v2\/pages\/3426\/revisions"}],"predecessor-version":[{"id":3448,"href":"https:\/\/www.e-rihs.pl\/index.php\/wp-json\/wp\/v2\/pages\/3426\/revisions\/3448"}],"wp:attachment":[{"href":"https:\/\/www.e-rihs.pl\/index.php\/wp-json\/wp\/v2\/media?parent=3426"}],"curies":[{"name":"wp","href":"https:\/\/api.w.org\/{rel}","templated":true}]}}