{"id":529,"date":"2016-12-04T15:45:19","date_gmt":"2016-12-04T15:45:19","guid":{"rendered":"http:\/\/www.fizyka.umk.pl\/~erihs\/?page_id=529"},"modified":"2016-12-04T15:45:19","modified_gmt":"2016-12-04T15:45:19","slug":"1szy-konkurs-molabfixlab-pl-figielki-fotograficzne","status":"publish","type":"page","link":"https:\/\/www.e-rihs.pl\/index.php\/1szy-konkurs-molabfixlab-pl-figielki-fotograficzne\/","title":{"rendered":"1szy konkurs MOLAB\/FIXLAB PL &#8211; Figielki fotograficzne"},"content":{"rendered":"<p><strong>Badania <em>Figielk\u00f3w fotograficznych<\/em> \u2013 nietypowych fotografii z zasobu Archiwum Narodowego w Krakowie.<\/strong><\/p>\n<p style=\"text-align: justify;\">Projekt ma na celu rozpoznanie techniki wykonania, identyfikacj\u0119 tre\u015bci oraz analiz\u0119 stabilno\u015bci i trwa\u0142o\u015bci obrazu fotograficznego<em> Figielk\u00f3w<\/em>.<\/p>\n<p style=\"text-align: justify;\"><em>Figielki<\/em> s\u0105 obiektami wyj\u0105tkowymi. Istniej\u0105cy obraz powsta\u0142 nie podczas klasycznego procesu fotochemicznego, a w wyniku (najprawdopodobniej) wywo\u0142ania obrazu parami palonego tytoniu (zgodnie z instrukcj\u0105 obs\u0142ugi papierek fotograficzny nale\u017ca\u0142o umie\u015bci\u0107 w ustniku papierosa, po kt\u00f3rego wypaleniu ujawnia\u0142 si\u0119 obraz fotograficzny). Dok\u0142adna technika wykonania obiekt\u00f3w nie jest znana. Je\u017celi badania potwierdz\u0105 obecno\u015b\u0107 srebra w warstwie obrazu, b\u0119dzie mo\u017cna zak\u0142ada\u0107, \u017ce fotografie powsta\u0142y na skutek \u201eodbielenia\u201d srebra metalicznego fotografii klasycznie wykonanych, a nast\u0119pnie jego wywo\u0142ania w procesie palenia. Pozwoli to w przysz\u0142o\u015bci na rozpocz\u0119cie dalszej cz\u0119\u015bci badawczej po\u015bwi\u0119conej wywo\u0142ywaniu srebrowych zwi\u0105zk\u00f3w \u015bwiat\u0142oczu\u0142ych za pomoc\u0105 par lub temperatury (technika fototermograficzna).<\/p>\n<p style=\"text-align: justify;\">Obecnie obraz fotograficzny na wi\u0119kszo\u015bci obiekt\u00f3w jest nieczytelny, staje si\u0119 widoczny podczas ogl\u0119dzin w \u015bwietle analitycznym (UV) i pozostaje czytelny (dochodzi do wywo\u0142ania si\u0119 substancji \u015bwiat\u0142oczu\u0142ej). Fotografie <em>Figielk\u00f3w<\/em> wykonane w \u015bwietle analitycznym pozwol\u0105 na dokumentacj\u0119 tre\u015bci wyobra\u017ce\u0144 niewidocznych obecnie go\u0142ym okiem. Mikrofedometria pozwoli ustali\u0107 trwa\u0142o\u015b\u0107 obrazu fotograficznego, jednocze\u015bnie okre\u015bli\u0107 bezpieczne metody digitalizacji i odpowiedzie\u0107 na pytanie, jak zmienia si\u0119 stabilno\u015b\u0107 obrazu w zale\u017cno\u015bci od stopnia jego wywo\u0142ania (oraz czy sam proces ponownego wywo\u0142ywania za pomoc\u0105 \u015bwiat\u0142a jest bezpieczny i trwa\u0142y).<\/p>\n<p><img decoding=\"async\" loading=\"lazy\" class=\"alignnone size-full wp-image-531\" src=\"https:\/\/fizyka.umk.pl\/~erihs\/nowaStrona\/wp-content\/uploads\/2016\/12\/1kMF-Figielki.jpg\" alt=\"1kMF-Figielki\" width=\"1193\" height=\"417\" srcset=\"https:\/\/www.e-rihs.pl\/wp-content\/uploads\/2016\/12\/1kMF-Figielki.jpg 1193w, https:\/\/www.e-rihs.pl\/wp-content\/uploads\/2016\/12\/1kMF-Figielki-300x105.jpg 300w, https:\/\/www.e-rihs.pl\/wp-content\/uploads\/2016\/12\/1kMF-Figielki-1024x358.jpg 1024w, https:\/\/www.e-rihs.pl\/wp-content\/uploads\/2016\/12\/1kMF-Figielki-768x268.jpg 768w\" sizes=\"(max-width: 1193px) 100vw, 1193px\" \/><\/p>\n<p style=\"text-align: justify;\">Obiekty b\u0119d\u0105ce przedmiotem planowanych bada\u0144 to odbitki fotograficzne na pod\u0142o\u017cu papierowym wykonane najprawdopodobniej w technice \u017celatynowo-srebrowej, wykonane w 1924r. Przy kraw\u0119dziach fotografii znajduj\u0105 si\u0119 linie z perforacj\u0105, kt\u00f3ra mia\u0142a u\u0142atwi\u0107 oderwanie poszczeg\u00f3lnych obiekt\u00f3w od siebie, a nast\u0119pnie umieszczenie pojedynczego obrazu w filtrze papierosowym. Po wypaleniu papierosa ujawnia\u0142 si\u0119 obraz fotograficzny (na skutek dzia\u0142ania substancji smolistych lub temperatury). Obraz nie by\u0142 nast\u0119pnie utrwalany, co przek\u0142ada si\u0119 na jego obecny z\u0142y stan zachowania i ci\u0105g\u0142\u0105 aktywno\u015b\u0107 (ujawnia si\u0119 podczas wystawienia na dzia\u0142anie \u015bwiat\u0142a). Obraz fotograficzny posiada kolor \u017c\u00f3\u0142to-br\u0105zowy; zachowany jest nier\u00f3wnomiernie, czasami dostrzegalne s\u0105 bardziej kontrastowe partie. Zesp\u00f3\u0142 liczy 60 obiekt\u00f3w o wymiarach ok. 1,5 cm x 2,5 cm umieszczonych w pierwotnych kopertach ochronnych. Wraz z obiektami przechowywany jest raport policyjny m\u00f3wi\u0105cy o zarekwirowaniu <em>Figielk\u00f3w<\/em> ze wzgl\u0119du na niesione przez nie tre\u015bci pornograficzne.<\/p>\n<p style=\"text-align: justify;\"><span style=\"text-decoration: underline;\">Proponowane i wst\u0119pnie zaakceptowane badania<\/span>:<\/p>\n<ul>\n<li>Fotografia z zastosowaniem r\u00f3\u017cnych \u017ar\u00f3de\u0142 promieniowania elektromagnetycznego<\/li>\n<li>Mikrofedometria<\/li>\n<li>Mapowanie fluorescencj\u0105 rentgenowsk\u0105 (plamka 50 \u03bcm) \u2013 makroXRF<\/li>\n<\/ul>\n","protected":false},"excerpt":{"rendered":"<p>Badania Figielk\u00f3w fotograficznych \u2013 nietypowych fotografii z zasobu Archiwum Narodowego w Krakowie. Projekt ma na celu rozpoznanie techniki wykonania, identyfikacj\u0119 tre\u015bci oraz analiz\u0119 stabilno\u015bci i trwa\u0142o\u015bci obrazu fotograficznego Figielk\u00f3w. Figielki s\u0105 obiektami wyj\u0105tkowymi. Istniej\u0105cy obraz powsta\u0142 nie podczas klasycznego procesu &hellip; <a href=\"https:\/\/www.e-rihs.pl\/index.php\/1szy-konkurs-molabfixlab-pl-figielki-fotograficzne\/\">Czytaj dalej <span class=\"meta-nav\">&rarr;<\/span><\/a><\/p>\n","protected":false},"author":1,"featured_media":0,"parent":0,"menu_order":0,"comment_status":"closed","ping_status":"closed","template":"","meta":[],"_links":{"self":[{"href":"https:\/\/www.e-rihs.pl\/index.php\/wp-json\/wp\/v2\/pages\/529"}],"collection":[{"href":"https:\/\/www.e-rihs.pl\/index.php\/wp-json\/wp\/v2\/pages"}],"about":[{"href":"https:\/\/www.e-rihs.pl\/index.php\/wp-json\/wp\/v2\/types\/page"}],"author":[{"embeddable":true,"href":"https:\/\/www.e-rihs.pl\/index.php\/wp-json\/wp\/v2\/users\/1"}],"replies":[{"embeddable":true,"href":"https:\/\/www.e-rihs.pl\/index.php\/wp-json\/wp\/v2\/comments?post=529"}],"version-history":[{"count":0,"href":"https:\/\/www.e-rihs.pl\/index.php\/wp-json\/wp\/v2\/pages\/529\/revisions"}],"wp:attachment":[{"href":"https:\/\/www.e-rihs.pl\/index.php\/wp-json\/wp\/v2\/media?parent=529"}],"curies":[{"name":"wp","href":"https:\/\/api.w.org\/{rel}","templated":true}]}}